{"id":960,"date":"2023-11-17T12:35:31","date_gmt":"2023-11-17T10:35:31","guid":{"rendered":"https:\/\/www.fisiomountain.com\/?post_type=product&#038;p=960"},"modified":"2023-11-23T19:51:05","modified_gmt":"2023-11-23T17:51:05","slug":"retir-de-final-destiu","status":"publish","type":"product","link":"https:\/\/www.fisiomountain.com\/ca\/producte\/retir-de-final-destiu\/","title":{"rendered":"Retir de final d&#8217;estiu"},"content":{"rendered":"<p>En aquest per\u00edode de dotze dies abans d&#8217;entrar a la tardor, final de l&#8217;Estiu o Estiu Indi, en qu\u00e8 la calor d&#8217;estiu se suavitza, el clima \u00e9s m\u00e9s temperat, es d\u00f3na pas a l&#8217;energia de la terra, de la melsa, del est\u00f3mac, dels m\u00fasculs i del pensament (reflexi\u00f3). L&#8217;enemic principal de la melsa \u00e9s la ment i la humitat.<\/p>\n<p>&nbsp;<\/p>\n<p>La Terra regeix la digesti\u00f3 i el transport dels nutrients a totes les c\u00e8l\u00b7lules. T\u00e9 un paper fonamental en la distribuci\u00f3 dels l\u00edquids i en la immunitat. La preocupaci\u00f3 constant i la malenconia resten energia a aquestes funcions, provocant debilitat a la melsa i est\u00f3mac, cosa que pot derivar en una malaltia.<\/p>\n<p>&nbsp;<\/p>\n<p>Aquest rec\u00e9s pret\u00e9n ensenyar-nos com aturar l&#8217;agitaci\u00f3 de la ment i millorar la digesti\u00f3.<\/p>\n<p>&nbsp;<\/p>\n<p>[vc_empty_space height=&#8221;25px&#8221;]<br \/>\n<strong>DATES DISPONIBLES 2022\/23<\/strong><\/p>\n<p>[vc_separator type=&#8221;small&#8221; position=&#8221;left&#8221; up=&#8221;5&#8243; down=&#8221;20&#8243; color=&#8221;#000000&#8243; transparency=&#8221;1&#8243; thickness=&#8221;2&#8243; width=&#8221;100&#8243;]<\/p>\n<ul>\n<li style=\"list-style-type: none;\">\n<ul>\n<li style=\"list-style-type: none;\">\n<ul>\n<li>Sense dates disponibles<\/li>\n<\/ul>\n<\/li>\n<\/ul>\n<\/li>\n<\/ul>\n","protected":false},"excerpt":{"rendered":"<h2>EL PROGRAMA &#8220;LES 5 ESTACIONS&#8221;<\/h2>\n<p>&nbsp;<\/p>\n<p>&nbsp;<\/p>\n<p><strong>Els Esdeveniments<\/strong> de FisioMountain\u00a0un temps i un espai per experimentar la cura de la salut de forma totalment natural.<\/p>\n<p>&nbsp;<\/p>\n<p>El programa \u201cLes 5 Estacions\u201d \u00e9s UNA S\u00c8RIE DE RETIRS dissenyats per desconnectar de l&#8217;estr\u00e8s, el dolor o la malaltia, connectant amb la nostra pr\u00f2pia energia i la de la natura, submergint-nos en el nostre cos per sentir-nos i escoltar-nos, aprenent a desestressar-nos i desintoxicar-nos aconseguint nous estats de regeneraci\u00f3, revitalitzaci\u00f3 i energetitzaci\u00f3, imprescindibles per gaudir de pau interior, harmonia, bona fortuna i benestar.<\/p>\n<p>&nbsp;<\/p>\n<p>\u201cLes 5 Estacions\u201d \u00e9s un producte dissenyat per FisioMountain que es realitza a les instal\u00b7lacions de Cavall de Vent basat en:<\/p>\n<p>&nbsp;<\/p>\n<ul>\n<li style=\"list-style-type: none;\">\n<ul>\n<li style=\"list-style-type: none;\">\n<ul>\n<li>Qi Gong<\/li>\n<li>Caminar Conscient<\/li>\n<li>Sistema ARC<\/li>\n<li>Meditaci\u00f3<\/li>\n<li>Nutrici\u00f3<\/li>\n<\/ul>\n<\/li>\n<\/ul>\n<\/li>\n<\/ul>\n<ul>\n<li style=\"list-style-type: none;\">\n<ul>\n<li style=\"list-style-type: none;\"><\/li>\n<\/ul>\n<\/li>\n<\/ul>\n<p> <a class=\"continue\" href=\"https:\/\/www.fisiomountain.com\/ca\/producte\/retir-de-final-destiu\/\">CONTINUAR >><span> Retir de final d&#8217;estiu<\/span><\/a><\/p>\n","protected":false},"featured_media":763,"comment_status":"open","ping_status":"closed","template":"","meta":[],"product_brand":[],"product_cat":[73],"product_tag":[],"class_list":{"0":"post-960","1":"product","2":"type-product","3":"status-publish","4":"has-post-thumbnail","6":"product_cat-esdeveniments","8":"first","9":"outofstock","10":"virtual","11":"sold-individually","12":"taxable","13":"purchasable","14":"product-type-simple"},"_links":{"self":[{"href":"https:\/\/www.fisiomountain.com\/ca\/wp-json\/wp\/v2\/product\/960","targetHints":{"allow":["GET"]}}],"collection":[{"href":"https:\/\/www.fisiomountain.com\/ca\/wp-json\/wp\/v2\/product"}],"about":[{"href":"https:\/\/www.fisiomountain.com\/ca\/wp-json\/wp\/v2\/types\/product"}],"replies":[{"embeddable":true,"href":"https:\/\/www.fisiomountain.com\/ca\/wp-json\/wp\/v2\/comments?post=960"}],"wp:featuredmedia":[{"embeddable":true,"href":"https:\/\/www.fisiomountain.com\/ca\/wp-json\/wp\/v2\/media\/763"}],"wp:attachment":[{"href":"https:\/\/www.fisiomountain.com\/ca\/wp-json\/wp\/v2\/media?parent=960"}],"wp:term":[{"taxonomy":"product_brand","embeddable":true,"href":"https:\/\/www.fisiomountain.com\/ca\/wp-json\/wp\/v2\/product_brand?post=960"},{"taxonomy":"product_cat","embeddable":true,"href":"https:\/\/www.fisiomountain.com\/ca\/wp-json\/wp\/v2\/product_cat?post=960"},{"taxonomy":"product_tag","embeddable":true,"href":"https:\/\/www.fisiomountain.com\/ca\/wp-json\/wp\/v2\/product_tag?post=960"}],"curies":[{"name":"wp","href":"https:\/\/api.w.org\/{rel}","templated":true}]}}