{"id":959,"date":"2023-11-17T12:42:04","date_gmt":"2023-11-17T10:42:04","guid":{"rendered":"https:\/\/www.fisiomountain.com\/?post_type=product&#038;p=959"},"modified":"2023-11-23T19:49:20","modified_gmt":"2023-11-23T17:49:20","slug":"retir-dhivern","status":"publish","type":"product","link":"https:\/\/www.fisiomountain.com\/ca\/producte\/retir-dhivern\/","title":{"rendered":"Retir d&#8217;hivern"},"content":{"rendered":"<p>Quan arriba l&#8217;hivern, l&#8217;element Aigua inicia un nou cicle de vida a la Natura, tot s&#8217;atura, arriba la quietud, l&#8217;energia es concentra per ressorgir a la primavera donant pas al proc\u00e9s de renovaci\u00f3. \u00c9s moment per descansar i regenerar-se.<\/p>\n<p>&nbsp;<\/p>\n<p>&#8220;El savi que es transforma en Aigua es distingeix per la seva humilitat, adopta la passivitat, actua des de la no-acci\u00f3 i conquereix el m\u00f3n&#8221;. Tao Cheng.<\/p>\n<p>&nbsp;<\/p>\n<p>Element Aigua, el rony\u00f3, la bufeta, els ossos, les medul\u00b7les, les dents, el sistema nervi\u00f3s i la por.<\/p>\n<p>&nbsp;<\/p>\n<p>L&#8217;aigua \u00e9s la base de l&#8217;energia vital, sobretot de l&#8217;energia sexual. A Medicina Tradicional Xina aquesta energia vital se l&#8217;anomena &#8220;Jing&#8221;, \u00e9s l&#8217;energia m\u00e9s profunda i subtil de l&#8217;organisme que determina la constituci\u00f3 de l&#8217;individu, per la qual cosa si \u00e9s fort, els ossos, articulacions i la mem\u00f2ria seran forts. El Jing s&#8217;emmagatzema al Ming Men o Porta de la Vida, situada entre els dos ronyons.<\/p>\n<p>&nbsp;<\/p>\n<p>Quan l&#8217;energia de rony\u00f3 s&#8217;afebleix, s&#8217;afluixa la for\u00e7a de voluntat, apareix la por, l&#8217;arrog\u00e0ncia, la imprud\u00e8ncia, la incapacitat per relaxar-se, l&#8217;ofuscaci\u00f3 o fins i tot la depressi\u00f3.<\/p>\n<p>&nbsp;<\/p>\n<p>Aquest rec\u00e9s t\u00e9 com a objectiu refor\u00e7ar l&#8217;energia dels ronyons, enfortir la part baixa del cos (lumbars, pelvis i cames) i com fer front a la por.<\/p>\n<p>&nbsp;<\/p>\n<p>[vc_empty_space height=&#8221;25px&#8221;]<br \/>\n<strong>DATES DISPONIBLES 2022\/23<\/strong><\/p>\n<p>[vc_separator type=&#8221;small&#8221; position=&#8221;left&#8221; up=&#8221;5&#8243; down=&#8221;20&#8243; color=&#8221;#000000&#8243; transparency=&#8221;1&#8243; thickness=&#8221;2&#8243; width=&#8221;100&#8243;]<\/p>\n<ul>\n<li style=\"list-style-type: none;\">\n<ul>\n<li style=\"list-style-type: none;\">\n<ul>\n<li>Sense dates disponibles<\/li>\n<\/ul>\n<\/li>\n<\/ul>\n<\/li>\n<\/ul>\n","protected":false},"excerpt":{"rendered":"<h2>EL PROGRAMA &#8220;LES 5 ESTACIONS&#8221;<\/h2>\n<p>&nbsp;<\/p>\n<p>&nbsp;<\/p>\n<p><strong>Els Esdeveniments<\/strong> de FisioMountain\u00a0un temps i un espai per experimentar la cura de la salut de forma totalment natural.<\/p>\n<p>&nbsp;<\/p>\n<p>El programa \u201cLes 5 Estacions\u201d \u00e9s UNA S\u00c8RIE DE RETIRS dissenyats per desconnectar de l&#8217;estr\u00e8s, el dolor o la malaltia, connectant amb la nostra pr\u00f2pia energia i la de la natura, submergint-nos en el nostre cos per sentir-nos i escoltar-nos, aprenent a desestressar-nos i desintoxicar-nos aconseguint nous estats de regeneraci\u00f3, revitalitzaci\u00f3 i energetitzaci\u00f3, imprescindibles per gaudir de pau interior, harmonia, bona fortuna i benestar.<\/p>\n<p>&nbsp;<\/p>\n<p>\u201cLes 5 Estacions\u201d \u00e9s un producte dissenyat per FisioMountain que es realitza a les instal\u00b7lacions de Cavall de Vent basat en:<\/p>\n<p>&nbsp;<\/p>\n<ul>\n<li style=\"list-style-type: none;\">\n<ul>\n<li style=\"list-style-type: none;\">\n<ul>\n<li>Qi Gong<\/li>\n<li>Caminar Conscient<\/li>\n<li>Sistema ARC<\/li>\n<li>Meditaci\u00f3<\/li>\n<li>Nutrici\u00f3<\/li>\n<\/ul>\n<\/li>\n<\/ul>\n<\/li>\n<\/ul>\n<ul>\n<li style=\"list-style-type: none;\">\n<ul>\n<li style=\"list-style-type: none;\"><\/li>\n<\/ul>\n<\/li>\n<\/ul>\n<p> <a class=\"continue\" href=\"https:\/\/www.fisiomountain.com\/ca\/producte\/retir-dhivern\/\">CONTINUAR >><span> Retir d&#8217;hivern<\/span><\/a><\/p>\n","protected":false},"featured_media":755,"comment_status":"open","ping_status":"closed","template":"","meta":[],"product_brand":[],"product_cat":[73],"product_tag":[],"class_list":{"0":"post-959","1":"product","2":"type-product","3":"status-publish","4":"has-post-thumbnail","6":"product_cat-esdeveniments","8":"first","9":"outofstock","10":"virtual","11":"sold-individually","12":"taxable","13":"purchasable","14":"product-type-simple"},"_links":{"self":[{"href":"https:\/\/www.fisiomountain.com\/ca\/wp-json\/wp\/v2\/product\/959","targetHints":{"allow":["GET"]}}],"collection":[{"href":"https:\/\/www.fisiomountain.com\/ca\/wp-json\/wp\/v2\/product"}],"about":[{"href":"https:\/\/www.fisiomountain.com\/ca\/wp-json\/wp\/v2\/types\/product"}],"replies":[{"embeddable":true,"href":"https:\/\/www.fisiomountain.com\/ca\/wp-json\/wp\/v2\/comments?post=959"}],"wp:featuredmedia":[{"embeddable":true,"href":"https:\/\/www.fisiomountain.com\/ca\/wp-json\/wp\/v2\/media\/755"}],"wp:attachment":[{"href":"https:\/\/www.fisiomountain.com\/ca\/wp-json\/wp\/v2\/media?parent=959"}],"wp:term":[{"taxonomy":"product_brand","embeddable":true,"href":"https:\/\/www.fisiomountain.com\/ca\/wp-json\/wp\/v2\/product_brand?post=959"},{"taxonomy":"product_cat","embeddable":true,"href":"https:\/\/www.fisiomountain.com\/ca\/wp-json\/wp\/v2\/product_cat?post=959"},{"taxonomy":"product_tag","embeddable":true,"href":"https:\/\/www.fisiomountain.com\/ca\/wp-json\/wp\/v2\/product_tag?post=959"}],"curies":[{"name":"wp","href":"https:\/\/api.w.org\/{rel}","templated":true}]}}