{"id":958,"date":"2023-11-17T12:46:12","date_gmt":"2023-11-17T10:46:12","guid":{"rendered":"https:\/\/www.fisiomountain.com\/?post_type=product&#038;p=958"},"modified":"2023-11-23T19:47:19","modified_gmt":"2023-11-23T17:47:19","slug":"retir-de-tardor","status":"publish","type":"product","link":"https:\/\/www.fisiomountain.com\/ca\/producte\/retir-de-tardor\/","title":{"rendered":"Retir de tardor"},"content":{"rendered":"<p>A la tardor la Natura comen\u00e7a un per\u00edode de recolliment que ens convida a la introspecci\u00f3, l&#8217;acumulaci\u00f3 i el despreniment. En aquesta etapa cal desprendre&#8217;s de les deixalles, del que \u00e9s vell, per poder recollir la nova collita. L&#8217;aferrament al passat ens impedeix gaudir del present i desenvolupar nous projectes.<\/p>\n<p>&nbsp;<\/p>\n<p>L&#8217;element Metall, el pulm\u00f3, l&#8217;intest\u00ed gruixut, la pell, els cabells i la tristesa s\u00f3n companys a la tardor.<\/p>\n<p>&nbsp;<\/p>\n<p>La desharmonia a l&#8217;element Metall pot provocar indifer\u00e8ncia, nost\u00e0lgia, aferrament, a\u00efllament i depressi\u00f3, a m\u00e9s de debilitar el pulm\u00f3 i l&#8217;intest\u00ed gruixut, el sistema immunitari o la pell.<\/p>\n<p>&nbsp;<\/p>\n<p>En aquesta retirada desbloquejarem l&#8217;energia estancada, nodrirem els pulmons i eliminarem la tristesa.<\/p>\n<p>&nbsp;<\/p>\n<p>[vc_empty_space height=&#8221;25px&#8221;]<br \/>\n<strong>DATES DISPONIBLES 2022\/23<\/strong><\/p>\n<p>[vc_separator type=&#8221;small&#8221; position=&#8221;left&#8221; up=&#8221;5&#8243; down=&#8221;20&#8243; color=&#8221;#000000&#8243; transparency=&#8221;1&#8243; thickness=&#8221;2&#8243; width=&#8221;100&#8243;]<\/p>\n<ul>\n<li style=\"list-style-type: none;\">\n<ul>\n<li style=\"list-style-type: none;\">\n<ul>\n<li>Sense dates disponibles<\/li>\n<\/ul>\n<\/li>\n<\/ul>\n<\/li>\n<\/ul>\n","protected":false},"excerpt":{"rendered":"<h2>EL PROGRAMA &#8220;LES 5 ESTACIONS&#8221;<\/h2>\n<p>&nbsp;<\/p>\n<p>&nbsp;<\/p>\n<p><strong>Els Esdeveniments<\/strong> de FisioMountain\u00a0un temps i un espai per experimentar la cura de la salut de forma totalment natural.<\/p>\n<p>&nbsp;<\/p>\n<p>El programa \u201cLes 5 Estacions\u201d \u00e9s UNA S\u00c8RIE DE RETIRS dissenyats per desconnectar de l&#8217;estr\u00e8s, el dolor o la malaltia, connectant amb la nostra pr\u00f2pia energia i la de la natura, submergint-nos en el nostre cos per sentir-nos i escoltar-nos, aprenent a desestressar-nos i desintoxicar-nos aconseguint nous estats de regeneraci\u00f3, revitalitzaci\u00f3 i energetitzaci\u00f3, imprescindibles per gaudir de pau interior, harmonia, bona fortuna i benestar.<\/p>\n<p>&nbsp;<\/p>\n<p>\u201cLes 5 Estacions\u201d \u00e9s un producte dissenyat per FisioMountain que es realitza a les instal\u00b7lacions de Cavall de Vent basat en:<\/p>\n<p>&nbsp;<\/p>\n<ul>\n<li style=\"list-style-type: none;\">\n<ul>\n<li style=\"list-style-type: none;\">\n<ul>\n<li>Qi Gong<\/li>\n<li>Caminar Conscient<\/li>\n<li>Sistema ARC<\/li>\n<li>Meditaci\u00f3<\/li>\n<li>Nutrici\u00f3<\/li>\n<\/ul>\n<\/li>\n<\/ul>\n<\/li>\n<\/ul>\n<ul>\n<li style=\"list-style-type: none;\">\n<ul>\n<li style=\"list-style-type: none;\"><\/li>\n<\/ul>\n<\/li>\n<\/ul>\n<p> <a class=\"continue\" href=\"https:\/\/www.fisiomountain.com\/ca\/producte\/retir-de-tardor\/\">CONTINUAR >><span> Retir de tardor<\/span><\/a><\/p>\n","protected":false},"featured_media":757,"comment_status":"open","ping_status":"closed","template":"","meta":[],"product_brand":[],"product_cat":[73],"product_tag":[],"class_list":{"0":"post-958","1":"product","2":"type-product","3":"status-publish","4":"has-post-thumbnail","6":"product_cat-esdeveniments","8":"first","9":"outofstock","10":"virtual","11":"sold-individually","12":"taxable","13":"purchasable","14":"product-type-simple"},"_links":{"self":[{"href":"https:\/\/www.fisiomountain.com\/ca\/wp-json\/wp\/v2\/product\/958","targetHints":{"allow":["GET"]}}],"collection":[{"href":"https:\/\/www.fisiomountain.com\/ca\/wp-json\/wp\/v2\/product"}],"about":[{"href":"https:\/\/www.fisiomountain.com\/ca\/wp-json\/wp\/v2\/types\/product"}],"replies":[{"embeddable":true,"href":"https:\/\/www.fisiomountain.com\/ca\/wp-json\/wp\/v2\/comments?post=958"}],"wp:featuredmedia":[{"embeddable":true,"href":"https:\/\/www.fisiomountain.com\/ca\/wp-json\/wp\/v2\/media\/757"}],"wp:attachment":[{"href":"https:\/\/www.fisiomountain.com\/ca\/wp-json\/wp\/v2\/media?parent=958"}],"wp:term":[{"taxonomy":"product_brand","embeddable":true,"href":"https:\/\/www.fisiomountain.com\/ca\/wp-json\/wp\/v2\/product_brand?post=958"},{"taxonomy":"product_cat","embeddable":true,"href":"https:\/\/www.fisiomountain.com\/ca\/wp-json\/wp\/v2\/product_cat?post=958"},{"taxonomy":"product_tag","embeddable":true,"href":"https:\/\/www.fisiomountain.com\/ca\/wp-json\/wp\/v2\/product_tag?post=958"}],"curies":[{"name":"wp","href":"https:\/\/api.w.org\/{rel}","templated":true}]}}