{"id":957,"date":"2023-11-17T12:47:43","date_gmt":"2023-11-17T10:47:43","guid":{"rendered":"https:\/\/www.fisiomountain.com\/?post_type=product&#038;p=957"},"modified":"2023-11-23T19:43:48","modified_gmt":"2023-11-23T17:43:48","slug":"retir-de-primavera","status":"publish","type":"product","link":"https:\/\/www.fisiomountain.com\/ca\/producte\/retir-de-primavera\/","title":{"rendered":"Retir de primavera"},"content":{"rendered":"<p>La primavera \u00e9s una explosi\u00f3 d&#8217;energia, el vent sacseja els boscos, escampa el pol\u00b7len i ho dinamitza tot. Les llavors germinen, els arbres brollen i els animals abandonen la letargia hivernal.<\/p>\n<p>&nbsp;<\/p>\n<p>L&#8217;element Fusta ens convida a accionar-nos, a desenvolupar els nostres projectes i activitats. \u00c9s el moment de netejar, drenar i posar a punt el nostre organisme.<\/p>\n<p>&nbsp;<\/p>\n<p>Els \u00f2rgans s\u00f3n el Fetge, un dels nostres grans filtres, i la Ves\u00edcula Biliar, tendons, lligaments, ulls i la ira<\/p>\n<p>&nbsp;<\/p>\n<p>La ira, el ressentiment i la frustraci\u00f3 afecten el fetge i la vista, i poden causar migranya, fatiga, vert\u00edgens, dolor muscular, rigidesa articular, menstruaci\u00f3 irregular, s\u00edndrome premenstrual, ungles trencadisses, intranquil\u00b7litat, indeterminaci\u00f3 i mal humor.<\/p>\n<p>&nbsp;<\/p>\n<p>Aquest rec\u00e9s de primavera pret\u00e9n harmonitzar les funcions internes de l&#8217;organisme i eliminar l&#8217;energia perversa de la ira o la r\u00e0bia.<\/p>\n<p>&nbsp;<\/p>\n<p>[vc_empty_space height=&#8221;25px&#8221;]<br \/>\nDATES DISPONIBLES 2022\/23<\/p>\n<p>[vc_separator type=&#8221;small&#8221; position=&#8221;left&#8221; up=&#8221;5&#8243; down=&#8221;20&#8243; color=&#8221;#000000&#8243; transparency=&#8221;1&#8243; thickness=&#8221;2&#8243; width=&#8221;100&#8243;]<\/p>\n<ul>\n<li style=\"list-style-type: none;\">\n<ul>\n<li style=\"list-style-type: none;\">\n<ul>\n<li>Sense dates disponibles<\/li>\n<\/ul>\n<\/li>\n<\/ul>\n<\/li>\n<\/ul>\n","protected":false},"excerpt":{"rendered":"<h2>EL PROGRAMA &#8220;LAS 5 ESTACIONES&#8221;<\/h2>\n<p>&nbsp;<\/p>\n<p>&nbsp;<\/p>\n<p><strong>Los Eventos<\/strong>\u00a0de FisioMountain\u00a0 un tiempo y un espacio para experimentar el cuidado de la salud de forma totalmente natural.<\/p>\n<p>&nbsp;<\/p>\n<p>El programa \u201cLas 5 Estaciones\u201d es UNA SERIE DE RETIROS dise\u00f1ados para desconectar del estr\u00e9s, el dolor o la enfermedad, conectando con nuestra propia energ\u00eda y la de la naturaleza, sumergi\u00e9ndonos en nuestro cuerpo para sentirnos y escucharnos, aprendiendo a desestresarnos y desintoxicarnos alcanzando nuevos estados de regeneraci\u00f3n, revitalizaci\u00f3n y energetizaci\u00f3n, imprescindibles para disfrutar de paz interior, armon\u00eda, buena fortuna y bienestar.<\/p>\n<p>&nbsp;<\/p>\n<p>\u201cLas 5 Estaciones\u201d es un producto dise\u00f1ado por FisioMountain que se realiza en las instalaciones de Caballo de Viento basado en:<\/p>\n<p>&nbsp;<\/p>\n<ul>\n<li style=\"list-style-type: none;\">\n<ul>\n<li style=\"list-style-type: none;\">\n<ul>\n<li>Qi Gong<\/li>\n<li>Caminar Consciente<\/li>\n<li>Sistema ARC<\/li>\n<li>Meditaci\u00f3n<\/li>\n<li>Nutrici\u00f3n<\/li>\n<\/ul>\n<\/li>\n<\/ul>\n<\/li>\n<\/ul>\n<ul>\n<li style=\"list-style-type: none;\">\n<ul>\n<li style=\"list-style-type: none;\"><\/li>\n<\/ul>\n<\/li>\n<\/ul>\n<p> <a class=\"continue\" href=\"https:\/\/www.fisiomountain.com\/ca\/producte\/retir-de-primavera\/\">CONTINUAR >><span> Retir de primavera<\/span><\/a><\/p>\n","protected":false},"featured_media":759,"comment_status":"open","ping_status":"closed","template":"","meta":[],"product_brand":[],"product_cat":[73],"product_tag":[],"class_list":{"0":"post-957","1":"product","2":"type-product","3":"status-publish","4":"has-post-thumbnail","6":"product_cat-esdeveniments","8":"first","9":"outofstock","10":"virtual","11":"sold-individually","12":"taxable","13":"purchasable","14":"product-type-simple"},"_links":{"self":[{"href":"https:\/\/www.fisiomountain.com\/ca\/wp-json\/wp\/v2\/product\/957","targetHints":{"allow":["GET"]}}],"collection":[{"href":"https:\/\/www.fisiomountain.com\/ca\/wp-json\/wp\/v2\/product"}],"about":[{"href":"https:\/\/www.fisiomountain.com\/ca\/wp-json\/wp\/v2\/types\/product"}],"replies":[{"embeddable":true,"href":"https:\/\/www.fisiomountain.com\/ca\/wp-json\/wp\/v2\/comments?post=957"}],"wp:featuredmedia":[{"embeddable":true,"href":"https:\/\/www.fisiomountain.com\/ca\/wp-json\/wp\/v2\/media\/759"}],"wp:attachment":[{"href":"https:\/\/www.fisiomountain.com\/ca\/wp-json\/wp\/v2\/media?parent=957"}],"wp:term":[{"taxonomy":"product_brand","embeddable":true,"href":"https:\/\/www.fisiomountain.com\/ca\/wp-json\/wp\/v2\/product_brand?post=957"},{"taxonomy":"product_cat","embeddable":true,"href":"https:\/\/www.fisiomountain.com\/ca\/wp-json\/wp\/v2\/product_cat?post=957"},{"taxonomy":"product_tag","embeddable":true,"href":"https:\/\/www.fisiomountain.com\/ca\/wp-json\/wp\/v2\/product_tag?post=957"}],"curies":[{"name":"wp","href":"https:\/\/api.w.org\/{rel}","templated":true}]}}