{"id":955,"date":"2023-11-17T13:28:38","date_gmt":"2023-11-17T11:28:38","guid":{"rendered":"https:\/\/www.fisiomountain.com\/?post_type=product&#038;p=955"},"modified":"2023-11-23T19:38:19","modified_gmt":"2023-11-23T17:38:19","slug":"reiki-1r-nivell","status":"publish","type":"product","link":"https:\/\/www.fisiomountain.com\/ca\/producte\/reiki-1r-nivell\/","title":{"rendered":"Reiki (1r nivell)"},"content":{"rendered":"<p>[vc_empty_space height=&#8221;25px&#8221;]<br \/>\n<strong>TEMARI DEL CURS DE 1r NIVELL<\/strong><\/p>\n<p>[vc_separator type=&#8221;small&#8221; position=&#8221;left&#8221; up=&#8221;5&#8243; down=&#8221;20&#8243; color=&#8221;#000000&#8243; transparency=&#8221;1&#8243; thickness=&#8221;2&#8243; width=&#8221;100&#8243;]<\/p>\n<ul>\n<li style=\"list-style-type: none;\">\n<ul>\n<li style=\"list-style-type: none;\">\n<ul>\n<li>Hist\u00f2ria del Reiki.<\/li>\n<li>Qu\u00e8 \u00e9s el Reiki?<\/li>\n<li>Com guareix el Reiki.<\/li>\n<li>Sintonitzaci\u00f3 de Reiki I.<\/li>\n<li>Posicions de les mans per a un mateix i per als altres.<\/li>\n<li>La pr\u00e0ctica del Reiki.<\/li>\n<li>Integraci\u00f3 energia cos-f\u00edsic.<\/li>\n<li>Sintonitzaci\u00f3 curativa.<\/li>\n<\/ul>\n<\/li>\n<\/ul>\n<\/li>\n<\/ul>\n<p>[vc_empty_space height=&#8221;25px&#8221;]<br \/>\n<strong>DATES DISPONIBLES<\/strong><\/p>\n<p>[vc_separator type=&#8221;small&#8221; position=&#8221;left&#8221; up=&#8221;5&#8243; down=&#8221;20&#8243; color=&#8221;#000000&#8243; transparency=&#8221;1&#8243; thickness=&#8221;2&#8243; width=&#8221;100&#8243;]<\/p>\n<ul>\n<li style=\"list-style-type: none;\">\n<ul>\n<li style=\"list-style-type: none;\">\n<ul>\n<li>Sense dates disponibles<\/li>\n<\/ul>\n<\/li>\n<\/ul>\n<\/li>\n<\/ul>\n","protected":false},"excerpt":{"rendered":"<h2>BENEFICIS DEL REIKI<\/h2>\n<p>&nbsp;<\/p>\n<p>&nbsp;<\/p>\n<ol>\n<li style=\"list-style-type: none;\">\n<ol>\n<li style=\"list-style-type: none;\">\n<ol>\n<li><strong>Reducci\u00f3 de l&#8217;estr\u00e8s:<\/strong> El Reiki pot ajudar a relaxar el cos i la ment, cosa que pot disminuir els nivells d&#8217;estr\u00e8s i ansietat.<\/li>\n<li><strong>Promoci\u00f3 de la relaxaci\u00f3:<\/strong> Afavoreix un estat de relaxaci\u00f3 profunda, cosa que pot ajudar a millorar el son i la sensaci\u00f3 de benestar general.<\/li>\n<li><strong>Estimulaci\u00f3 del sistema immunol\u00f2gic:<\/strong> Algunes persones troben que el Reiki enforteix el seu sistema immunol\u00f2gic, cosa que pot ajudar en la recuperaci\u00f3 de malalties i lesions.<\/li>\n<li><strong>Alleujament del dolor:<\/strong> Si b\u00e9 no reempla\u00e7a els tractaments m\u00e8dics convencionals, pot complementar-los i de vegades s&#8217;informa una disminuci\u00f3 del dolor.<\/li>\n<li><strong>Equilibri energ\u00e8tic:<\/strong> Es creu que el Reiki ajuda a equilibrar el flux d&#8217;energia al cos, cosa que pot millorar la salut f\u00edsica i emocional.<\/li>\n<li><strong>Millora del benestar emocional:<\/strong> Pot ajudar a alliberar bloquejos emocionals i promoure una major claredat mental.<\/li>\n<\/ol>\n<\/li>\n<\/ol>\n<\/li>\n<\/ol>\n<ul>\n<li style=\"list-style-type: none;\">\n<ul>\n<li style=\"list-style-type: none;\"><\/li>\n<\/ul>\n<\/li>\n<\/ul>\n<p> <a class=\"continue\" href=\"https:\/\/www.fisiomountain.com\/ca\/producte\/reiki-1r-nivell\/\">CONTINUAR >><span> Reiki (1r nivell)<\/span><\/a><\/p>\n","protected":false},"featured_media":773,"comment_status":"open","ping_status":"closed","template":"","meta":[],"product_brand":[],"product_cat":[77],"product_tag":[],"class_list":{"0":"post-955","1":"product","2":"type-product","3":"status-publish","4":"has-post-thumbnail","6":"product_cat-reiki-ca","8":"first","9":"outofstock","10":"virtual","11":"sold-individually","12":"taxable","13":"purchasable","14":"product-type-simple"},"_links":{"self":[{"href":"https:\/\/www.fisiomountain.com\/ca\/wp-json\/wp\/v2\/product\/955","targetHints":{"allow":["GET"]}}],"collection":[{"href":"https:\/\/www.fisiomountain.com\/ca\/wp-json\/wp\/v2\/product"}],"about":[{"href":"https:\/\/www.fisiomountain.com\/ca\/wp-json\/wp\/v2\/types\/product"}],"replies":[{"embeddable":true,"href":"https:\/\/www.fisiomountain.com\/ca\/wp-json\/wp\/v2\/comments?post=955"}],"wp:featuredmedia":[{"embeddable":true,"href":"https:\/\/www.fisiomountain.com\/ca\/wp-json\/wp\/v2\/media\/773"}],"wp:attachment":[{"href":"https:\/\/www.fisiomountain.com\/ca\/wp-json\/wp\/v2\/media?parent=955"}],"wp:term":[{"taxonomy":"product_brand","embeddable":true,"href":"https:\/\/www.fisiomountain.com\/ca\/wp-json\/wp\/v2\/product_brand?post=955"},{"taxonomy":"product_cat","embeddable":true,"href":"https:\/\/www.fisiomountain.com\/ca\/wp-json\/wp\/v2\/product_cat?post=955"},{"taxonomy":"product_tag","embeddable":true,"href":"https:\/\/www.fisiomountain.com\/ca\/wp-json\/wp\/v2\/product_tag?post=955"}],"curies":[{"name":"wp","href":"https:\/\/api.w.org\/{rel}","templated":true}]}}