{"id":953,"date":"2023-11-17T14:31:35","date_gmt":"2023-11-17T12:31:35","guid":{"rendered":"https:\/\/www.fisiomountain.com\/?post_type=product&#038;p=953"},"modified":"2023-11-23T19:34:08","modified_gmt":"2023-11-23T17:34:08","slug":"reiki-3r-nivell","status":"publish","type":"product","link":"https:\/\/www.fisiomountain.com\/ca\/producte\/reiki-3r-nivell\/","title":{"rendered":"Reiki (3r nivell)"},"content":{"rendered":"<p>[vc_empty_space height=&#8221;25px&#8221;]<br \/>\n<strong>TEMARI DEL CURS DE 3r NIVELL<\/strong><\/p>\n<p>[vc_separator type=&#8221;small&#8221; position=&#8221;left&#8221; up=&#8221;5&#8243; down=&#8221;20&#8243; color=&#8221;#000000&#8243; transparency=&#8221;1&#8243; thickness=&#8221;2&#8243; width=&#8221;100&#8243;]<\/p>\n<ul>\n<li style=\"list-style-type: none;\">\n<ul>\n<li style=\"list-style-type: none;\">\n<ul>\n<li>Com carregar vidres i pedres amb Reiki.<\/li>\n<li>La Graella de Reiki.<\/li>\n<li>La sintonitzaci\u00f3 amb el s\u00edmbol del Mestratge Usui.<\/li>\n<li>Meditaci\u00f3 amb Reiki.<\/li>\n<li>Memoritzar el s\u00edmbol del Mestratge i el seu \u00fas.<\/li>\n<li>Meditaci\u00f3 en moviment del Mestratge.<\/li>\n<li>Cirurgia ps\u00edquica amb Reiki.<\/li>\n<\/ul>\n<\/li>\n<\/ul>\n<\/li>\n<\/ul>\n<p>&nbsp;<\/p>\n<p>[vc_empty_space height=&#8221;25px&#8221;]<br \/>\n<strong>DATES DISPONIBLES<\/strong><\/p>\n<p>[vc_separator type=&#8221;small&#8221; position=&#8221;left&#8221; up=&#8221;5&#8243; down=&#8221;20&#8243; color=&#8221;#000000&#8243; transparency=&#8221;1&#8243; thickness=&#8221;2&#8243; width=&#8221;100&#8243;]<\/p>\n<ul>\n<li style=\"list-style-type: none;\">\n<ul>\n<li style=\"list-style-type: none;\">\n<ul>\n<li>Sense dates disponibles<\/li>\n<\/ul>\n<\/li>\n<\/ul>\n<\/li>\n<\/ul>\n","protected":false},"excerpt":{"rendered":"<h2>BENEFICIOS DEL REIKI<\/h2>\n<p>&nbsp;<\/p>\n<p>&nbsp;<\/p>\n<ol>\n<li style=\"list-style-type: none;\">\n<ol>\n<li style=\"list-style-type: none;\">\n<ol>\n<li><strong>Reducci\u00f3n del estr\u00e9s:<\/strong> El Reiki puede ayudar a relajar el cuerpo y la mente, lo que puede disminuir los niveles de estr\u00e9s y ansiedad.<\/li>\n<li><strong>Promoci\u00f3n de la relajaci\u00f3n:<\/strong> Favorece un estado de relajaci\u00f3n profunda, lo que puede ayudar a mejorar el sue\u00f1o y la sensaci\u00f3n de bienestar general.<\/li>\n<li><strong>Estimulaci\u00f3n del sistema inmunol\u00f3gico:<\/strong> Algunas personas encuentran que el Reiki fortalece su sistema inmunol\u00f3gico, lo que puede ayudar en la recuperaci\u00f3n de enfermedades y lesiones.<\/li>\n<li><strong>Alivio del dolor:<\/strong> Si bien no reemplaza los tratamientos m\u00e9dicos convencionales, puede complementarlos y a veces se informa una disminuci\u00f3n del dolor.<\/li>\n<li><strong>Equilibrio energ\u00e9tico:<\/strong> Se cree que el Reiki ayuda a equilibrar el flujo de energ\u00eda en el cuerpo, lo que puede mejorar la salud f\u00edsica y emocional.<\/li>\n<li><strong>Mejora del bienestar emocional:<\/strong> Puede ayudar a liberar bloqueos emocionales y promover una mayor claridad mental.<\/li>\n<\/ol>\n<\/li>\n<\/ol>\n<\/li>\n<\/ol>\n<ul>\n<li style=\"list-style-type: none;\">\n<ul>\n<li style=\"list-style-type: none;\"><\/li>\n<\/ul>\n<\/li>\n<\/ul>\n<p> <a class=\"continue\" href=\"https:\/\/www.fisiomountain.com\/ca\/producte\/reiki-3r-nivell\/\">CONTINUAR >><span> Reiki (3r nivell)<\/span><\/a><\/p>\n","protected":false},"featured_media":777,"comment_status":"open","ping_status":"closed","template":"","meta":[],"product_brand":[],"product_cat":[77],"product_tag":[],"class_list":{"0":"post-953","1":"product","2":"type-product","3":"status-publish","4":"has-post-thumbnail","6":"product_cat-reiki-ca","8":"first","9":"outofstock","10":"virtual","11":"sold-individually","12":"taxable","13":"purchasable","14":"product-type-simple"},"_links":{"self":[{"href":"https:\/\/www.fisiomountain.com\/ca\/wp-json\/wp\/v2\/product\/953","targetHints":{"allow":["GET"]}}],"collection":[{"href":"https:\/\/www.fisiomountain.com\/ca\/wp-json\/wp\/v2\/product"}],"about":[{"href":"https:\/\/www.fisiomountain.com\/ca\/wp-json\/wp\/v2\/types\/product"}],"replies":[{"embeddable":true,"href":"https:\/\/www.fisiomountain.com\/ca\/wp-json\/wp\/v2\/comments?post=953"}],"wp:featuredmedia":[{"embeddable":true,"href":"https:\/\/www.fisiomountain.com\/ca\/wp-json\/wp\/v2\/media\/777"}],"wp:attachment":[{"href":"https:\/\/www.fisiomountain.com\/ca\/wp-json\/wp\/v2\/media?parent=953"}],"wp:term":[{"taxonomy":"product_brand","embeddable":true,"href":"https:\/\/www.fisiomountain.com\/ca\/wp-json\/wp\/v2\/product_brand?post=953"},{"taxonomy":"product_cat","embeddable":true,"href":"https:\/\/www.fisiomountain.com\/ca\/wp-json\/wp\/v2\/product_cat?post=953"},{"taxonomy":"product_tag","embeddable":true,"href":"https:\/\/www.fisiomountain.com\/ca\/wp-json\/wp\/v2\/product_tag?post=953"}],"curies":[{"name":"wp","href":"https:\/\/api.w.org\/{rel}","templated":true}]}}