{"id":951,"date":"2023-11-17T14:44:40","date_gmt":"2023-11-17T12:44:40","guid":{"rendered":"https:\/\/www.fisiomountain.com\/?post_type=product&#038;p=951"},"modified":"2023-11-23T19:27:36","modified_gmt":"2023-11-23T17:27:36","slug":"taller-de-gravitoterapia","status":"publish","type":"product","link":"https:\/\/www.fisiomountain.com\/ca\/producte\/taller-de-gravitoterapia\/","title":{"rendered":"Taller de Gravitoter\u00e0pia"},"content":{"rendered":"<p>La Gravitoter\u00e0pia \u00e9s un m\u00e8tode terap\u00e8utic englobat al Sistema ARC que aprofita la for\u00e7a de la gravetat per aconseguir una major flexibilitat de la nostra cadena muscular posterior i de les cadenes complement\u00e0ries. Partint de la postura invertida o \u201cinversi\u00f3 corporal\u201d, el seu objectiu \u00e9s restablir lequilibri corporal i recuperar la vitalitat de lorganisme.<\/p>\n<p>&nbsp;<\/p>\n<p>Mentre el pacient roman en postura invertida, la tracci\u00f3 que exerceix la for\u00e7a gravitat\u00f2ria sobre la columna vertebral i la musculatura permet l&#8217;estirament i la reestructuraci\u00f3, descomprimeix els discos intervertebrals i allibera les arrels nervioses de la medul\u00b7la espinal. Amb la inversi\u00f3 corporal tamb\u00e9 descomprimim les articulacions i es realinegen les curvatures fisiol\u00f2giques del cos. Mantenint el client en posici\u00f3 invertida, el terapeuta aplica diferents t\u00e8cniques de manipulaci\u00f3, massatges i correccions posturals, que multipliquen i consoliden els beneficis d&#8217;aquesta ter\u00e0pia.<\/p>\n<p>&nbsp;<\/p>\n<p>La pr\u00e0ctica peri\u00f2dica de la Gravitoter\u00e0pia millora la circulaci\u00f3 sangu\u00ednia, afavoreix el retorn ven\u00f3s de les cames i aporta una major oxigenaci\u00f3 al cervell en augmentar el reg sanguini.<\/p>\n<p>&nbsp;<\/p>\n<p>[vc_empty_space height=&#8221;25px&#8221;]<br \/>\n<strong>DATES DISPONIBLES<\/strong><\/p>\n<p>[vc_separator type=&#8221;small&#8221; position=&#8221;left&#8221; up=&#8221;5&#8243; down=&#8221;20&#8243; color=&#8221;#000000&#8243; transparency=&#8221;1&#8243; thickness=&#8221;2&#8243; width=&#8221;100&#8243;]<\/p>\n<ul>\n<li style=\"list-style-type: none;\">\n<ul>\n<li style=\"list-style-type: none;\">\n<ul>\n<li>Sense dates disponibles<\/li>\n<\/ul>\n<\/li>\n<\/ul>\n<\/li>\n<\/ul>\n","protected":false},"excerpt":{"rendered":"<h2>LA GRAVITOTER\u00c0PIA \u00c9S UN M\u00c8TODE ALTAMENT EFECTIU PER AL TRACTAMENT DE:<\/h2>\n<p>&nbsp;<\/p>\n<p>&nbsp;<\/p>\n<ol>\n<li style=\"list-style-type: none;\">\n<ol>\n<li style=\"list-style-type: none;\">\n<ul>\n<li>Contractures musculars.<\/li>\n<li>Rotaci\u00f3 interna de les espatlles.<\/li>\n<li>Lumbalgias.<\/li>\n<li>Hiperlordosi lumbar, dorsal o cervical.<\/li>\n<li>Escoliosi.<\/li>\n<li>H\u00e8rnies i protusions discals.<\/li>\n<li>Pin\u00e7aments vertebrals.<\/li>\n<li>Dolors ci\u00e0tics.<\/li>\n<li>Trastorns de tr\u00e0nsit intestinal: restrenyiment, disp\u00e8psia, congesti\u00f3 abdominal \u2026<\/li>\n<li>Congesti\u00f3 dels \u00f2rgans sexuals.<\/li>\n<li>Inflamacions articulars de sacre, maluc, genoll\u2026<\/li>\n<li>Problemes de circulaci\u00f3 sangu\u00ednia a les extremitats inferiors: varius, edemes \u2026<\/li>\n<li>Rotaci\u00f3 interna del f\u00e8mur: genu varum, genu valgus.<\/li>\n<li>Escur\u00e7ament d&#8217;isquiotibials.<\/li>\n<li>Peus plans, buits o c\u00f2ncaus.<\/li>\n<li>Guanets i malformacions als dits del peu.<\/li>\n<\/ul>\n<\/li>\n<\/ol>\n<\/li>\n<\/ol>\n<ul>\n<li style=\"list-style-type: none;\">\n<ul>\n<li style=\"list-style-type: none;\"><\/li>\n<\/ul>\n<\/li>\n<\/ul>\n<p> <a class=\"continue\" href=\"https:\/\/www.fisiomountain.com\/ca\/producte\/taller-de-gravitoterapia\/\">CONTINUAR >><span> Taller de Gravitoter\u00e0pia<\/span><\/a><\/p>\n","protected":false},"featured_media":791,"comment_status":"open","ping_status":"closed","template":"","meta":[],"product_brand":[],"product_cat":[78],"product_tag":[],"class_list":{"0":"post-951","1":"product","2":"type-product","3":"status-publish","4":"has-post-thumbnail","6":"product_cat-talleres-ca","8":"first","9":"outofstock","10":"virtual","11":"sold-individually","12":"taxable","13":"purchasable","14":"product-type-simple"},"_links":{"self":[{"href":"https:\/\/www.fisiomountain.com\/ca\/wp-json\/wp\/v2\/product\/951","targetHints":{"allow":["GET"]}}],"collection":[{"href":"https:\/\/www.fisiomountain.com\/ca\/wp-json\/wp\/v2\/product"}],"about":[{"href":"https:\/\/www.fisiomountain.com\/ca\/wp-json\/wp\/v2\/types\/product"}],"replies":[{"embeddable":true,"href":"https:\/\/www.fisiomountain.com\/ca\/wp-json\/wp\/v2\/comments?post=951"}],"wp:featuredmedia":[{"embeddable":true,"href":"https:\/\/www.fisiomountain.com\/ca\/wp-json\/wp\/v2\/media\/791"}],"wp:attachment":[{"href":"https:\/\/www.fisiomountain.com\/ca\/wp-json\/wp\/v2\/media?parent=951"}],"wp:term":[{"taxonomy":"product_brand","embeddable":true,"href":"https:\/\/www.fisiomountain.com\/ca\/wp-json\/wp\/v2\/product_brand?post=951"},{"taxonomy":"product_cat","embeddable":true,"href":"https:\/\/www.fisiomountain.com\/ca\/wp-json\/wp\/v2\/product_cat?post=951"},{"taxonomy":"product_tag","embeddable":true,"href":"https:\/\/www.fisiomountain.com\/ca\/wp-json\/wp\/v2\/product_tag?post=951"}],"curies":[{"name":"wp","href":"https:\/\/api.w.org\/{rel}","templated":true}]}}