{"id":947,"date":"2023-11-17T16:08:33","date_gmt":"2023-11-17T14:08:33","guid":{"rendered":"https:\/\/www.fisiomountain.com\/?post_type=product&#038;p=947"},"modified":"2023-11-23T19:25:31","modified_gmt":"2023-11-23T17:25:31","slug":"taller-de-qi-gong","status":"publish","type":"product","link":"https:\/\/www.fisiomountain.com\/ca\/producte\/taller-de-qi-gong\/","title":{"rendered":"Taller de Qi Gong"},"content":{"rendered":"<p><strong>\u201cLa gimn\u00e0stica de la salut i la longevitat\u201d.<\/strong><\/p>\n<p>&nbsp;<\/p>\n<p>El Qi gong \u00e9s una disciplina f\u00edsica, energ\u00e8tica i mental, amb qu\u00e8 es pren consci\u00e8ncia de la connexi\u00f3 amb l&#8217;energia de la natura.<\/p>\n<p>&nbsp;<\/p>\n<p>El treball f\u00edsic consisteix en postures i moviments suaus que:<\/p>\n<ul>\n<li style=\"list-style-type: none;\">\n<ul>\n<li style=\"list-style-type: none;\">\n<ul>\n<li>Flexibilitzen la musculatura.<\/li>\n<li>Flexibilitzen les articulacions.<\/li>\n<li>Alineen tot el cos de manera que permet la lliure circulaci\u00f3 del Qi per tots els meridians.<\/li>\n<\/ul>\n<\/li>\n<\/ul>\n<\/li>\n<\/ul>\n<p>&nbsp;<\/p>\n<p>Es desenvolupa una sensibilitat que ens permet:<\/p>\n<ul>\n<li style=\"list-style-type: none;\">\n<ul>\n<li style=\"list-style-type: none;\">\n<ul>\n<li>Ser conscient de la nostra salut,<\/li>\n<li>Prevenir o curar malalties, tan sols restablint el flux de l&#8217;energia.<\/li>\n<\/ul>\n<\/li>\n<\/ul>\n<\/li>\n<\/ul>\n<p>&nbsp;<\/p>\n<p>Per a la Medicina Xinesa, els bloquejos energ\u00e8tics s\u00f3n els responsables de l&#8217;aparici\u00f3 de la malaltia, lesions o diversos s\u00edmptomes amb qu\u00e8 convivim sense imaginar-nos que podem eliminar-los, com la s\u00edndrome de mans i peus freds, mals de cap, insomni, etc.<\/p>\n<p>&nbsp;<\/p>\n<p>L&#8217;atenci\u00f3 a la postura i la respiraci\u00f3 i el moviment lent, propicien que la ment es calmi i recuperi el ritme natural, millorant les capacitats mentals:<\/p>\n<ul>\n<li style=\"list-style-type: none;\">\n<ul>\n<li style=\"list-style-type: none;\">\n<ul>\n<li>La concentraci\u00f3.<\/li>\n<li>La mem\u00f2ria.<\/li>\n<li>La creativitat.<\/li>\n<li>La for\u00e7a interior.<\/li>\n<\/ul>\n<\/li>\n<\/ul>\n<\/li>\n<\/ul>\n<p>&nbsp;<\/p>\n<p>[vc_empty_space height=&#8221;25px&#8221;]<br \/>\nDATES DISPONIBLES<\/p>\n<p>[vc_separator type=&#8221;small&#8221; position=&#8221;left&#8221; up=&#8221;5&#8243; down=&#8221;20&#8243; color=&#8221;#000000&#8243; transparency=&#8221;1&#8243; thickness=&#8221;2&#8243; width=&#8221;100&#8243;]<\/p>\n<ul>\n<li style=\"list-style-type: none;\">\n<ul>\n<li style=\"list-style-type: none;\">\n<ul>\n<li>Sense dates disponibles<\/li>\n<\/ul>\n<\/li>\n<\/ul>\n<\/li>\n<\/ul>\n","protected":false},"excerpt":{"rendered":"<h2>AMB QI GONG PODEM:<\/h2>\n<p>&nbsp;<\/p>\n<p>&nbsp;<\/p>\n<ul>\n<li style=\"list-style-type: none;\">\n<ul>\n<li style=\"list-style-type: none;\">\n<ul>\n<li style=\"list-style-type: none;\">\n<ul>\n<li>Eliminar l&#8217;estr\u00e8s.<\/li>\n<li>Augmentar la vitalitat.<\/li>\n<li>Sentir-nos m\u00e9s plens i serens, recuperant la il\u00b7lusi\u00f3 de viure.<\/li>\n<\/ul>\n<\/li>\n<\/ul>\n<\/li>\n<\/ul>\n<\/li>\n<\/ul>\n<p>&nbsp;<\/p>\n<p>L&#8217;objectiu principal \u00e9s ser conscient que ens nodrim de l&#8217;energia de la terra (yin) i del cel (yang), que la respiraci\u00f3 \u00e9s molt important per recarregar Qi i que el treball excessiu o els esfor\u00e7os ens desgasten l&#8217;energia vital. <a class=\"continue\" href=\"https:\/\/www.fisiomountain.com\/ca\/producte\/taller-de-qi-gong\/\">CONTINUAR >><span> Taller de Qi Gong<\/span><\/a><\/p>\n","protected":false},"featured_media":743,"comment_status":"open","ping_status":"closed","template":"","meta":[],"product_brand":[],"product_cat":[78],"product_tag":[],"class_list":{"0":"post-947","1":"product","2":"type-product","3":"status-publish","4":"has-post-thumbnail","6":"product_cat-talleres-ca","8":"first","9":"outofstock","10":"virtual","11":"sold-individually","12":"taxable","13":"purchasable","14":"product-type-simple"},"_links":{"self":[{"href":"https:\/\/www.fisiomountain.com\/ca\/wp-json\/wp\/v2\/product\/947","targetHints":{"allow":["GET"]}}],"collection":[{"href":"https:\/\/www.fisiomountain.com\/ca\/wp-json\/wp\/v2\/product"}],"about":[{"href":"https:\/\/www.fisiomountain.com\/ca\/wp-json\/wp\/v2\/types\/product"}],"replies":[{"embeddable":true,"href":"https:\/\/www.fisiomountain.com\/ca\/wp-json\/wp\/v2\/comments?post=947"}],"wp:featuredmedia":[{"embeddable":true,"href":"https:\/\/www.fisiomountain.com\/ca\/wp-json\/wp\/v2\/media\/743"}],"wp:attachment":[{"href":"https:\/\/www.fisiomountain.com\/ca\/wp-json\/wp\/v2\/media?parent=947"}],"wp:term":[{"taxonomy":"product_brand","embeddable":true,"href":"https:\/\/www.fisiomountain.com\/ca\/wp-json\/wp\/v2\/product_brand?post=947"},{"taxonomy":"product_cat","embeddable":true,"href":"https:\/\/www.fisiomountain.com\/ca\/wp-json\/wp\/v2\/product_cat?post=947"},{"taxonomy":"product_tag","embeddable":true,"href":"https:\/\/www.fisiomountain.com\/ca\/wp-json\/wp\/v2\/product_tag?post=947"}],"curies":[{"name":"wp","href":"https:\/\/api.w.org\/{rel}","templated":true}]}}