{"id":946,"date":"2023-11-17T16:17:06","date_gmt":"2023-11-17T14:17:06","guid":{"rendered":"https:\/\/www.fisiomountain.com\/?post_type=product&#038;p=946"},"modified":"2024-01-02T13:59:38","modified_gmt":"2024-01-02T11:59:38","slug":"taller-constel-lacions-familiars","status":"publish","type":"product","link":"https:\/\/www.fisiomountain.com\/ca\/producte\/taller-constel-lacions-familiars\/","title":{"rendered":"Taller Constel\u00b7lacions Familiars"},"content":{"rendered":"<p>Tallers din\u00e0mics d&#8217;autoconeixement i creixement personal. Els participants podran exposar qualsevol tema que els preocupi i vulguin resoldre&#8217;ls. Qualsevol conflicte que puguin tenir en relaci\u00f3 amb la seva vida personal i envers els altres \u2026<\/p>\n<p>\u200b<\/p>\n<p>Obtenir eines i comprensions perqu\u00e8 puguin fer el canvi que volen fer, i buscar una possible sortida per a la resoluci\u00f3 del conflicte.<\/p>\n<p>&nbsp;<\/p>\n<p>[vc_empty_space height=&#8221;25px&#8221;]<br \/>\n<strong>DATES DISPONIBLES<\/strong><\/p>\n<p>[vc_separator type=&#8221;small&#8221; position=&#8221;left&#8221; up=&#8221;5&#8243; down=&#8221;20&#8243; color=&#8221;#000000&#8243; transparency=&#8221;1&#8243; thickness=&#8221;2&#8243; width=&#8221;100&#8243;]<\/p>\n<ul>\n<li style=\"list-style-type: none;\">\n<ul>\n<li style=\"list-style-type: none;\">\n<ul>\n<li>20 Gener 2024<\/li>\n<li>03 Febrer 2024<\/li>\n<li>09 Mar\u00e7 2024<\/li>\n<\/ul>\n<\/li>\n<\/ul>\n<\/li>\n<\/ul>\n","protected":false},"excerpt":{"rendered":"<h2>BENEFICIS DE LES CONSTEL\u00b7LACIONS FAMILIARS:<\/h2>\n<p>&nbsp;<\/p>\n<p>&nbsp;<\/p>\n<ul>\n<li style=\"list-style-type: none;\">\n<ul>\n<li style=\"list-style-type: none;\">\n<ul>\n<li style=\"list-style-type: none;\">\n<ul>\n<li><strong>Clarificaci\u00f3 de patrons familiars:<\/strong> Les constel\u00b7lacions ajuden a identificar patrons ocults o din\u00e0miques familiars no resoltes que poden estar afectant les vides de les persones en el present.<\/li>\n<li><strong>Resoluci\u00f3 de conflictes:<\/strong> En observar les din\u00e0miques familiars representades en una constel\u00b7laci\u00f3, es poden identificar conflictes i trobar formes d&#8217;abordar-los, cosa que pot portar a una resoluci\u00f3 emocional ia una harmonia m\u00e9s gran.&lt;\/li &gt;<\/li>\n<li><strong>Major comprensi\u00f3 i acceptaci\u00f3:<\/strong> En veure les situacions des d&#8217;una perspectiva m\u00e9s \u00e0mplia, les constel\u00b7lacions poden fomentar la comprensi\u00f3 i l&#8217;acceptaci\u00f3 de certs esdeveniments o persones a la fam\u00edlia, cosa que ajuda a curar i alliberar c\u00e0rregues emocionals.<\/li>\n<li><strong>Millora en les relacions interpersonals:<\/strong> En comprendre millor les din\u00e0miques familiars, es poden millorar les relacions amb els membres de la fam\u00edlia i amb altres persones a la vida quotidiana.<\/li>\n<li><strong>Alleujament emocional:<\/strong> Participar en una constel\u00b7laci\u00f3 pot brindar alleujament emocional en permetre que les persones expressin i alliberin sentiments reprimits o bloquejats.<\/li>\n<li><strong>Empoderament personal:<\/strong> La pr\u00e0ctica de les constel\u00b7lacions pot donar a les persones una sensaci\u00f3 d&#8217;empoderament en permetre&#8217;ls ser conscients dels patrons i prendre mesures per canviar o curar all\u00f2 que no funciona.&lt;\/li &gt;<\/li>\n<\/ul>\n<\/li>\n<\/ul>\n<\/li>\n<\/ul>\n<\/li>\n<\/ul>\n<p> <a class=\"continue\" href=\"https:\/\/www.fisiomountain.com\/ca\/producte\/taller-constel-lacions-familiars\/\">CONTINUAR >><span> Taller Constel\u00b7lacions Familiars<\/span><\/a><\/p>\n","protected":false},"featured_media":807,"comment_status":"open","ping_status":"closed","template":"","meta":[],"product_brand":[],"product_cat":[78],"product_tag":[],"class_list":{"0":"post-946","1":"product","2":"type-product","3":"status-publish","4":"has-post-thumbnail","6":"product_cat-talleres-ca","8":"first","9":"outofstock","10":"sold-individually","11":"taxable","12":"shipping-taxable","13":"purchasable","14":"product-type-variable"},"_links":{"self":[{"href":"https:\/\/www.fisiomountain.com\/ca\/wp-json\/wp\/v2\/product\/946","targetHints":{"allow":["GET"]}}],"collection":[{"href":"https:\/\/www.fisiomountain.com\/ca\/wp-json\/wp\/v2\/product"}],"about":[{"href":"https:\/\/www.fisiomountain.com\/ca\/wp-json\/wp\/v2\/types\/product"}],"replies":[{"embeddable":true,"href":"https:\/\/www.fisiomountain.com\/ca\/wp-json\/wp\/v2\/comments?post=946"}],"wp:featuredmedia":[{"embeddable":true,"href":"https:\/\/www.fisiomountain.com\/ca\/wp-json\/wp\/v2\/media\/807"}],"wp:attachment":[{"href":"https:\/\/www.fisiomountain.com\/ca\/wp-json\/wp\/v2\/media?parent=946"}],"wp:term":[{"taxonomy":"product_brand","embeddable":true,"href":"https:\/\/www.fisiomountain.com\/ca\/wp-json\/wp\/v2\/product_brand?post=946"},{"taxonomy":"product_cat","embeddable":true,"href":"https:\/\/www.fisiomountain.com\/ca\/wp-json\/wp\/v2\/product_cat?post=946"},{"taxonomy":"product_tag","embeddable":true,"href":"https:\/\/www.fisiomountain.com\/ca\/wp-json\/wp\/v2\/product_tag?post=946"}],"curies":[{"name":"wp","href":"https:\/\/api.w.org\/{rel}","templated":true}]}}