{"id":944,"date":"2023-11-17T16:29:15","date_gmt":"2023-11-17T14:29:15","guid":{"rendered":"https:\/\/www.fisiomountain.com\/?post_type=product&#038;p=944"},"modified":"2023-11-23T19:23:42","modified_gmt":"2023-11-23T17:23:42","slug":"taller-de-reflexologia","status":"publish","type":"product","link":"https:\/\/www.fisiomountain.com\/ca\/producte\/taller-de-reflexologia\/","title":{"rendered":"Taller de Reflexologia"},"content":{"rendered":"<p>\u00c9s una t\u00e8cnica terap\u00e8utica basada en l&#8217;estimulaci\u00f3 de punts sobre els peus, anomenats zones reflectides, que corresponen a diferents parts del cos, per la qual cosa fent massatge reflecteix sobre els \u00f2rgans, m\u00fasculs, articulacions, etc. reben un est\u00edmul curatiu.<\/p>\n<p>&nbsp;<\/p>\n<p>En aquest taller aprendran a fer un recorregut b\u00e0sic per aquests punts i poder ajudar a millorar la salut:<\/p>\n<p>&nbsp;<\/p>\n<ul>\n<li style=\"list-style-type: none;\">\n<ul>\n<li style=\"list-style-type: none;\">\n<ul>\n<li>Estr\u00e8s.<\/li>\n<li>Digestions dif\u00edcils.<\/li>\n<li>Dolor de gola.<\/li>\n<li>Cervic\u00e0lgies.<\/li>\n<li>Dors\u00e0lgies.<\/li>\n<li>Lumb\u00e0lgies.<\/li>\n<\/ul>\n<\/li>\n<\/ul>\n<\/li>\n<\/ul>\n<p>&nbsp;<\/p>\n<p>[vc_empty_space height=&#8221;25px&#8221;]<br \/>\n<strong>DATES DISPONIBLES<\/strong><\/p>\n<p>[vc_separator type=&#8221;small&#8221; position=&#8221;left&#8221; up=&#8221;5&#8243; down=&#8221;20&#8243; color=&#8221;#000000&#8243; transparency=&#8221;1&#8243; thickness=&#8221;2&#8243; width=&#8221;100&#8243;]<\/p>\n<ul>\n<li style=\"list-style-type: none;\">\n<ul>\n<li style=\"list-style-type: none;\">\n<ul>\n<li>Sense dates disponibles<\/li>\n<\/ul>\n<\/li>\n<\/ul>\n<\/li>\n<\/ul>\n","protected":false},"excerpt":{"rendered":"<h2>BENEFICIS DE LA REFLEXOLOGIA:<\/h2>\n<p>&nbsp;<\/p>\n<p>&nbsp;<\/p>\n<ul>\n<li style=\"list-style-type: none;\">\n<ul>\n<li style=\"list-style-type: none;\">\n<ul>\n<li style=\"list-style-type: none;\">\n<ul>\n<li><strong>Reducci\u00f3 de l&#8217;estr\u00e8s:<\/strong> El massatge en punts espec\u00edfics pot induir relaxaci\u00f3 profunda, disminuint els nivells d&#8217;estr\u00e8s i ansietat.<\/li>\n<li><strong>Estimulaci\u00f3 del sistema circulatori:<\/strong> El massatge als peus i mans pot millorar la circulaci\u00f3 sangu\u00ednia, cosa que alhora pot beneficiar la funci\u00f3 cardiovascular.<\/li>\n<li><strong>Alleujament del dolor:<\/strong> S&#8217;ha suggerit que la reflexologia pot ajudar a alleujar el dolor, ja sigui l&#8217;associat amb mals de cap, menstruaci\u00f3, dolor cr\u00f2nic o condicions com l&#8217;artritis.<\/li>\n<li><strong>Millora del son:<\/strong> En promoure la relaxaci\u00f3 i reduir l&#8217;estr\u00e8s, la reflexologia pot contribuir a millorar la qualitat del son.<\/li>\n<li><strong>Est\u00edmul del sistema immunol\u00f2gic:<\/strong> Alguns defensors de la reflexologia creuen que pot enfortir el sistema immunol\u00f2gic, encara que calen m\u00e9s investigacions sobre aix\u00f2.<\/li>\n<li><strong>Equilibri energ\u00e8tic:<\/strong> Es creu que el massatge en certs punts pot restaurar l&#8217;equilibri energ\u00e8tic del cos, segons els principis de la medicina tradicional xinesa.<\/li>\n<li><strong>Benestar general:<\/strong> Moltes persones troben que la reflexologia els brinda una sensaci\u00f3 general de benestar, relaxaci\u00f3 i alleujament, millorant-ne la qualitat de vida.<\/li>\n<\/ul>\n<\/li>\n<\/ul>\n<\/li>\n<\/ul>\n<\/li>\n<\/ul>\n<p> <a class=\"continue\" href=\"https:\/\/www.fisiomountain.com\/ca\/producte\/taller-de-reflexologia\/\">CONTINUAR >><span> Taller de Reflexologia<\/span><\/a><\/p>\n","protected":false},"featured_media":812,"comment_status":"open","ping_status":"closed","template":"","meta":[],"product_brand":[],"product_cat":[78],"product_tag":[],"class_list":{"0":"post-944","1":"product","2":"type-product","3":"status-publish","4":"has-post-thumbnail","6":"product_cat-talleres-ca","8":"first","9":"outofstock","10":"virtual","11":"sold-individually","12":"taxable","13":"purchasable","14":"product-type-simple"},"_links":{"self":[{"href":"https:\/\/www.fisiomountain.com\/ca\/wp-json\/wp\/v2\/product\/944","targetHints":{"allow":["GET"]}}],"collection":[{"href":"https:\/\/www.fisiomountain.com\/ca\/wp-json\/wp\/v2\/product"}],"about":[{"href":"https:\/\/www.fisiomountain.com\/ca\/wp-json\/wp\/v2\/types\/product"}],"replies":[{"embeddable":true,"href":"https:\/\/www.fisiomountain.com\/ca\/wp-json\/wp\/v2\/comments?post=944"}],"wp:featuredmedia":[{"embeddable":true,"href":"https:\/\/www.fisiomountain.com\/ca\/wp-json\/wp\/v2\/media\/812"}],"wp:attachment":[{"href":"https:\/\/www.fisiomountain.com\/ca\/wp-json\/wp\/v2\/media?parent=944"}],"wp:term":[{"taxonomy":"product_brand","embeddable":true,"href":"https:\/\/www.fisiomountain.com\/ca\/wp-json\/wp\/v2\/product_brand?post=944"},{"taxonomy":"product_cat","embeddable":true,"href":"https:\/\/www.fisiomountain.com\/ca\/wp-json\/wp\/v2\/product_cat?post=944"},{"taxonomy":"product_tag","embeddable":true,"href":"https:\/\/www.fisiomountain.com\/ca\/wp-json\/wp\/v2\/product_tag?post=944"}],"curies":[{"name":"wp","href":"https:\/\/api.w.org\/{rel}","templated":true}]}}