{"id":941,"date":"2023-11-17T16:40:26","date_gmt":"2023-11-17T14:40:26","guid":{"rendered":"https:\/\/www.fisiomountain.com\/?post_type=product&#038;p=941"},"modified":"2023-11-23T19:23:32","modified_gmt":"2023-11-23T17:23:32","slug":"taller-per-alliberar-la-mandibula","status":"publish","type":"product","link":"https:\/\/www.fisiomountain.com\/ca\/producte\/taller-per-alliberar-la-mandibula\/","title":{"rendered":"Taller per alliberar la mand\u00edbula"},"content":{"rendered":"<p>Taller per aprendre a alliberar la tensi\u00f3 de la mand\u00edbula. L&#8217;estr\u00e8s o els esfor\u00e7os desmesurats o les males postures poden fer que s&#8217;acumulin tensions a la mand\u00edbula ia les cervicals.<\/p>\n<p>&nbsp;<\/p>\n<p>En aquest taller descobrirem:<\/p>\n<p>&nbsp;<\/p>\n<ul>\n<li style=\"list-style-type: none;\">\n<ul>\n<li style=\"list-style-type: none;\">\n<ul>\n<li>La relaci\u00f3 d&#8217;aquesta articulaci\u00f3 amb la resta del cos.<\/li>\n<li>Com alliberar la tensi\u00f3 i el dolor.<\/li>\n<\/ul>\n<\/li>\n<\/ul>\n<\/li>\n<\/ul>\n<p>&nbsp;<\/p>\n<p>Els s\u00edmptomes d&#8217;una disfunci\u00f3 a l&#8217;articulaci\u00f3 tempor mandibular poden ser:<\/p>\n<p>&nbsp;<\/p>\n<ul>\n<li style=\"list-style-type: none;\">\n<ul>\n<li style=\"list-style-type: none;\">\n<ul>\n<li>Bruxisme.<\/li>\n<li>Marejos.<\/li>\n<li>Migranyes.<\/li>\n<li>Vertigen.<\/li>\n<li>Mala oclusi\u00f3.<\/li>\n<li>Dolor d&#8217;o\u00efda o\/i d&#8217;ulls.<\/li>\n<li>Cervic\u00e0lgia.<\/li>\n<li>Dors\u00e0lgia.<\/li>\n<li>Lumb\u00e0lgia.<\/li>\n<\/ul>\n<\/li>\n<\/ul>\n<\/li>\n<\/ul>\n<p>&nbsp;<\/p>\n<p>[vc_empty_space height=&#8221;25px&#8221;]<br \/>\n<strong>DATES DISPONIBLES<\/strong><\/p>\n<p>[vc_separator type=&#8221;small&#8221; position=&#8221;left&#8221; up=&#8221;5&#8243; down=&#8221;20&#8243; color=&#8221;#000000&#8243; transparency=&#8221;1&#8243; thickness=&#8221;2&#8243; width=&#8221;100&#8243;]<\/p>\n<ul>\n<li style=\"list-style-type: none;\">\n<ul>\n<li style=\"list-style-type: none;\">\n<ul>\n<li>Sense dates disponibles<\/li>\n<\/ul>\n<\/li>\n<\/ul>\n<\/li>\n<\/ul>\n<p style=\"padding-left: 80px;\">\n","protected":false},"excerpt":{"rendered":"<h2>EL BRUXISME, UN PROBLEMA CADA VEGADA M\u00c9S EST\u00c8S<\/h2>\n<p>&nbsp;<\/p>\n<p>&nbsp;<\/p>\n<p>El bruxisme \u00e9s una condici\u00f3 en la qual una persona estreny o grinyola les dents de manera involunt\u00e0ria, ja sigui durant el dia o, m\u00e9s comunament, durant la nit mentre dorm. Aquest h\u00e0bit pot ser ocasional o esdevenir un patr\u00f3 cr\u00f2nic, i pot ser lleu o sever a la seva manifestaci\u00f3.<\/p>\n<p>&nbsp;<\/p>\n<p>Les persones que pateixen bruxisme sovint no s\u00f3n conscients que ho fan, ja que passa durant el son en molts casos. Alguns s\u00edmptomes comuns del bruxisme inclouen:<\/p>\n<p>&nbsp;<\/p>\n<ol>\n<li style=\"list-style-type: none;\">\n<ol>\n<li style=\"list-style-type: none;\">\n<ol>\n<li><strong>Desgast dental:<\/strong> El desgast anormal a les dents \u00e9s un dels signes m\u00e9s evidents de bruxisme. Les dents es poden tornar planes, fracturar-se, estellar-se o fins i tot afluixar-se a causa de la pressi\u00f3 constant.<\/li>\n<li><strong>Dolor facial:<\/strong> El bruxisme pot causar mals de cap, dolor facial, especialment a la mand\u00edbula, i dolor als m\u00fasculs de la mand\u00edbula i del coll.<\/li>\n<li><strong>Sensibilitat dental:<\/strong> Les dents es poden tornar sensibles al fred, a la calor oa certs aliments a causa del desgast de l&#8217;esmalt dental.<\/li>\n<li><strong>Problemes en l&#8217;articulaci\u00f3 temporomandibular (ATM):<\/strong> El bruxisme a llarg termini pot portar a trastorns en l&#8217;articulaci\u00f3 temporomandibular, cosa que resulta en dificultat per obrir o tancar la boca, espetecs en mastegar, i en casos m\u00e9s greus, dolor en obrir o tancar la mand\u00edbula.<\/li>\n<\/ol>\n<\/li>\n<\/ol>\n<\/li>\n<\/ol>\n<p>&nbsp;<\/p>\n<p>Les causes del bruxisme poden ser diverses i incloure factors com l&#8217;estr\u00e8s, l&#8217;ansietat, l&#8217;alineaci\u00f3 anormal de les dents, problemes de son, aix\u00ed com alguns trastorns m\u00e8dics i psicol\u00f2gics. <a class=\"continue\" href=\"https:\/\/www.fisiomountain.com\/ca\/producte\/taller-per-alliberar-la-mandibula\/\">CONTINUAR >><span> Taller per alliberar la mand\u00edbula<\/span><\/a><\/p>\n","protected":false},"featured_media":820,"comment_status":"open","ping_status":"closed","template":"","meta":[],"product_brand":[],"product_cat":[78],"product_tag":[],"class_list":{"0":"post-941","1":"product","2":"type-product","3":"status-publish","4":"has-post-thumbnail","6":"product_cat-talleres-ca","8":"first","9":"outofstock","10":"sold-individually","11":"taxable","12":"shipping-taxable","13":"purchasable","14":"product-type-simple"},"_links":{"self":[{"href":"https:\/\/www.fisiomountain.com\/ca\/wp-json\/wp\/v2\/product\/941","targetHints":{"allow":["GET"]}}],"collection":[{"href":"https:\/\/www.fisiomountain.com\/ca\/wp-json\/wp\/v2\/product"}],"about":[{"href":"https:\/\/www.fisiomountain.com\/ca\/wp-json\/wp\/v2\/types\/product"}],"replies":[{"embeddable":true,"href":"https:\/\/www.fisiomountain.com\/ca\/wp-json\/wp\/v2\/comments?post=941"}],"wp:featuredmedia":[{"embeddable":true,"href":"https:\/\/www.fisiomountain.com\/ca\/wp-json\/wp\/v2\/media\/820"}],"wp:attachment":[{"href":"https:\/\/www.fisiomountain.com\/ca\/wp-json\/wp\/v2\/media?parent=941"}],"wp:term":[{"taxonomy":"product_brand","embeddable":true,"href":"https:\/\/www.fisiomountain.com\/ca\/wp-json\/wp\/v2\/product_brand?post=941"},{"taxonomy":"product_cat","embeddable":true,"href":"https:\/\/www.fisiomountain.com\/ca\/wp-json\/wp\/v2\/product_cat?post=941"},{"taxonomy":"product_tag","embeddable":true,"href":"https:\/\/www.fisiomountain.com\/ca\/wp-json\/wp\/v2\/product_tag?post=941"}],"curies":[{"name":"wp","href":"https:\/\/api.w.org\/{rel}","templated":true}]}}