{"id":982,"date":"2023-11-09T19:47:37","date_gmt":"2023-11-09T17:47:37","guid":{"rendered":"https:\/\/www.fisiomountain.com\/?page_id=982"},"modified":"2023-12-14T08:35:05","modified_gmt":"2023-12-14T06:35:05","slug":"demanar-cita-previa-tractaments-i-terapies","status":"publish","type":"page","link":"https:\/\/www.fisiomountain.com\/ca\/demanar-cita-previa-tractaments-i-terapies\/","title":{"rendered":"CITA PR\u00c8VIA"},"content":{"rendered":"<div class=\"wpb-content-wrapper\"><p>[vc_row css_animation=&#8221;&#8221; row_type=&#8221;row&#8221; use_row_as_full_screen_section=&#8221;no&#8221; type=&#8221;full_width&#8221; angled_section=&#8221;no&#8221; text_align=&#8221;left&#8221; background_image_as_pattern=&#8221;without_pattern&#8221;][vc_column][vc_single_image image=&#8221;1054&#8243; img_size=&#8221;full&#8221; alignment=&#8221;center&#8221; qode_css_animation=&#8221;&#8221;][\/vc_column][\/vc_row][vc_row css_animation=&#8221;&#8221; row_type=&#8221;row&#8221; use_row_as_full_screen_section=&#8221;no&#8221; type=&#8221;grid&#8221; angled_section=&#8221;no&#8221; text_align=&#8221;left&#8221; background_image_as_pattern=&#8221;without_pattern&#8221; z_index=&#8221;&#8221; padding_top=&#8221;30&#8243;][vc_column][vc_column_text]<\/p>\n<p style=\"text-align: right;\"><a href=\"\/ca\">Inici<\/a> \/ Cita pr\u00e8via<\/p>\n<p>[\/vc_column_text][\/vc_column][\/vc_row][vc_row css_animation=&#8221;&#8221; row_type=&#8221;row&#8221; use_row_as_full_screen_section=&#8221;no&#8221; type=&#8221;grid&#8221; angled_section=&#8221;no&#8221; text_align=&#8221;left&#8221; background_image_as_pattern=&#8221;without_pattern&#8221; z_index=&#8221;&#8221; padding_top=&#8221;75&#8243; padding_bottom=&#8221;75&#8243;][vc_column][vc_column_text]<\/p>\n<h1>Cita pr\u00e8via per<br \/>\ntractaments i ter\u00e0pies<\/h1>\n<p>[\/vc_column_text][vc_empty_space height=&#8221;25&#8243;][vc_column_text]<\/p>\n<p style=\"text-align: left; font-family: 'Oswald', sans-serif; font-size: 24px; color: #b05307; font-weight: 400; line-height: 1;\">RESERVA ELS NOSTRES TRACTAMENTS I TER\u00c0PIES EN POCS CLICS<\/p>\n<p>[\/vc_column_text][vc_empty_space height=&#8221;75&#8243;][vc_row_inner row_type=&#8221;row&#8221; type=&#8221;full_width&#8221; text_align=&#8221;left&#8221; css_animation=&#8221;&#8221;][vc_column_inner width=&#8221;2\/3&#8243;][vc_raw_html]JTNDcCUyMGFsaWduJTNEJTIyY2VudGVyJTIyJTNFJTNDaWZyYW1lJTIwaWQlM0QlMjJtYWluRnJhbWUlMjIlMjBuYW1lJTNEJTIybWFpbkZyYW1lJTIyJTIwc3JjJTNEJTIyaHR0cHMlM0ElMkYlMkZhcHAuY2xpbmljLWNsb3VkLmNvbSUyRmNpdGFvbmxpbmUucGhwJTJGZmlzaW9tb3VudGFpbiUyMiUyMGZyYW1lYm9yZGVyJTNEJTIyMSUyMiUyMGhlaWdodCUzRCUyMjEwNTAlMjIlMjB3aWR0aCUzRCUyMjYwMCUyMiUzRSUzQyUyRmlmcmFtZSUzRSUzQyUyRnAlM0U=[\/vc_raw_html][vc_empty_space height=&#8221;50&#8243;][\/vc_column_inner][vc_column_inner width=&#8221;1\/3&#8243;][qode_elements_holder number_of_columns=&#8221;one_column&#8221;][qode_elements_holder_item advanced_animations=&#8221;no&#8221; background_color=&#8221;#f7f7f7&#8243; item_padding=&#8221;50px 50px 50px 50px&#8221;][vc_column_text]<\/p>\n<h2>Com demano una cita?<\/h2>\n<p>[\/vc_column_text][vc_empty_space height=&#8221;50&#8243;][vc_column_text]<\/p>\n<h3>1-Seleccionar servei<\/h3>\n<p>[\/vc_column_text][vc_empty_space height=&#8221;20&#8243;][vc_column_text]<strong>Selecciona el servei<\/strong> al desplegable i fes clic al bot\u00f3 blau <strong>SEG\u00dcENT<\/strong>.[\/vc_column_text][vc_empty_space height=&#8221;50&#8243;][vc_column_text]<\/p>\n<h3>2-Data i hora<\/h3>\n<p>[\/vc_column_text][vc_empty_space height=&#8221;20&#8243;][vc_column_text]Apareixer\u00e0 un calendari amb les dates lliures d&#8217;aquesta setmana. Amb les dues fletxes de la part superior esquerra, podeu anar despla\u00e7ant les setmanes. Al calendari aniran apareixent els terapeutes que treballen aquell dia en concret. <strong>Selecciona el terapeuta<\/strong> del dia que vulguis el tractament.<\/p>\n<p>&nbsp;<\/p>\n<p>A la part inferior apareixeran les hores lliures d&#8217;aquest terapeuta. <strong>Trieu l&#8217;hora<\/strong> i feu clic al bot\u00f3 blau <strong>SEG\u00dcENT<\/strong>.<\/p>\n<p>[\/vc_column_text][vc_empty_space height=&#8221;50&#8243;][vc_column_text]<\/p>\n<h3>3-Dades personals<\/h3>\n<p>[\/vc_column_text][vc_empty_space height=&#8221;20&#8243;][vc_column_text]Al formulari, <strong>omple el teu nom, cognoms, correu electr\u00f2nic, tel\u00e8fon<\/strong> i si tens alguna observaci\u00f3. A continuaci\u00f3, <strong>marca amb un clic els dos primers *He llegit&#8230;<\/strong> (com a m\u00ednim) i clica al bot\u00f3 blau <strong>RESERVAR<\/strong>.[\/vc_column_text][\/qode_elements_holder_item][\/qode_elements_holder][\/vc_column_inner][\/vc_row_inner][\/vc_column][\/vc_row][vc_row css_animation=&#8221;&#8221; row_type=&#8221;row&#8221; use_row_as_full_screen_section=&#8221;no&#8221; type=&#8221;full_width&#8221; angled_section=&#8221;no&#8221; text_align=&#8221;left&#8221; background_image_as_pattern=&#8221;without_pattern&#8221;][vc_column]<div class=\"call_to_action normal\" style=\"background-color: #b05307;padding-top: 50px;padding-bottom: 50px;\"><div class=\"container_inner\"><div class=\"two_columns_75_25 clearfix\"><div class=\"text_wrapper column1\"><div class=\"call_to_action_text  font_size_inherit font_weight_inherit\" style=\"font-size:24px;font-weight: 600;\">Si tens dubtes sobre quin tractament o ter\u00e0pia necessites o quin \u00e9s el curs o taller que millor s&#8217;adapta a les teves necessitats, contacta&#8217;ns, t&#8217;assessorarem i donarem una soluci\u00f3 al teu cas.<\/div><\/div><div class=\"button_wrapper column2\"><a itemprop=\"url\" href=\"\/ca\/contacte\/\" class=\"qbutton white \" target=\"\" style=\"color: #ffffff;border-color: #ffffff;background-color:#b05307;\" data-hover-background-color=#000000 data-hover-border-color=#000000 data-hover-color=#ffffff>CONTACTA&#039;NS<\/a><\/div><\/div><\/div><\/div>[\/vc_column][\/vc_row][vc_row css_animation=&#8221;&#8221; row_type=&#8221;row&#8221; use_row_as_full_screen_section=&#8221;no&#8221; type=&#8221;grid&#8221; angled_section=&#8221;no&#8221; text_align=&#8221;left&#8221; background_image_as_pattern=&#8221;without_pattern&#8221; z_index=&#8221;&#8221; padding_top=&#8221;75&#8243; padding_bottom=&#8221;75&#8243;][vc_column][vc_column_text]<\/p>\n<h2>PODEM AJUDAR-TE<\/h2>\n<p>[\/vc_column_text][vc_empty_space height=&#8221;15&#8243;][vc_column_text]<\/p>\n<p style=\"text-align: left; font-family: 'Oswald', sans-serif; font-size: 24px; color: #oooooo; font-weight: 400; line-height: 1;\">COMO TERAPEUTAS Y PROFESIONALES DEL DEPORTE, SABEMOS LO QUE NECESITAS<\/p>\n<p>[\/vc_column_text][vc_empty_space height=&#8221;75&#8243;][vc_row_inner row_type=&#8221;row&#8221; type=&#8221;full_width&#8221; text_align=&#8221;center&#8221; css_animation=&#8221;&#8221;][vc_column_inner width=&#8221;1\/5&#8243;]<span data-type=\"normal\" data-hover-icon-color=\"#b05307\" class=\"qode_icon_shortcode  q_font_awsome_icon fa-lg  \" style=\" \"><i class=\"qode_icon_font_awesome fa fa-heart qode_icon_element\" style=\"font-size: 75px;color: #b05307;\" ><\/i><\/span>[vc_empty_space height=&#8221;25&#8243;][vc_column_text]<\/p>\n<h3 style=\"text-align: center;\">El teu benestar,<br \/>\nla nostra passi\u00f3<\/h3>\n<p>[\/vc_column_text][vc_empty_space height=&#8221;25&#8243;][vc_column_text]<\/p>\n<div class=\"wpb_text_column wpb_content_element \">\n<div class=\"wpb_wrapper\">\n<p>Esportista, sigui quina sigui la teva necessitat, estem disposats a ajudar-te. El teu benestar \u00e9s la nostra missi\u00f3 i all\u00f2 que ens motiva cada dia a donar el millor de nosaltres.<\/p>\n<\/div>\n<\/div>\n<p>[\/vc_column_text][vc_empty_space height=&#8221;50&#8243;][\/vc_column_inner][vc_column_inner width=&#8221;1\/5&#8243;]<span data-type=\"normal\" data-hover-icon-color=\"#b05307\" class=\"qode_icon_shortcode  q_font_awsome_icon fa-lg  \" style=\" \"><i class=\"qode_icon_font_awesome fa fa-gear qode_icon_element\" style=\"font-size: 75px;color: #b05307;\" ><\/i><\/span>[vc_empty_space height=&#8221;25&#8243;][vc_column_text]<\/p>\n<h3 style=\"text-align: center;\">Si no existeix ho creem<\/h3>\n<p>[\/vc_column_text][vc_empty_space height=&#8221;25&#8243;][vc_column_text]<\/p>\n<div class=\"wpb_text_column wpb_content_element \">\n<div class=\"wpb_wrapper\">\n<p style=\"text-align: center;\">Acceptem el repte! Si penses que ho has provat tot i res t&#8217;ha funcionat truca&#8217;ns. Apropa&#8217;t al nostre enfocament multidisciplinar.<\/p>\n<\/div>\n<\/div>\n<p>[\/vc_column_text][vc_empty_space height=&#8221;50&#8243;][\/vc_column_inner][vc_column_inner width=&#8221;1\/5&#8243;]<span data-type=\"normal\" data-hover-icon-color=\"#b05307\" class=\"qode_icon_shortcode  q_font_awsome_icon fa-lg  \" style=\" \"><i class=\"qode_icon_font_awesome fa fa-barcode qode_icon_element\" style=\"font-size: 75px;color: #b05307;\" ><\/i><\/span>[vc_empty_space height=&#8221;25&#8243;][vc_column_text]<\/p>\n<h3 style=\"text-align: center;\">Fisio<br \/>\nbons<\/h3>\n<p>[\/vc_column_text][vc_empty_space height=&#8221;25&#8243;][vc_column_text]<\/p>\n<div class=\"wpb_text_column wpb_content_element \">\n<div class=\"wpb_wrapper\">\n<div class=\"wpb_text_column wpb_content_element \">\n<div class=\"wpb_wrapper\">\n<p style=\"text-align: center;\">A FisioMountain premiem els clients recurrents oferint-los un descompte per la compra de 5 o 10 sessions. Ideal per a tractaments!<\/p>\n<\/div>\n<\/div>\n<\/div>\n<\/div>\n<p>[\/vc_column_text][vc_empty_space height=&#8221;50&#8243;][\/vc_column_inner][vc_column_inner width=&#8221;1\/5&#8243;]<span data-type=\"normal\" data-hover-icon-color=\"#b05307\" class=\"qode_icon_shortcode  q_font_awsome_icon fa-lg  \" style=\" \"><i class=\"qode_icon_font_awesome fa fa-plus qode_icon_element\" style=\"font-size: 75px;color: #b05307;\" ><\/i><\/span>[vc_empty_space height=&#8221;25&#8243;][vc_column_text]<\/p>\n<h3 style=\"text-align: center;\">Servei<br \/>\nd&#8217;urg\u00e8ncies<\/h3>\n<p>[\/vc_column_text][vc_empty_space height=&#8221;25&#8243;][vc_column_text]<\/p>\n<div class=\"wpb_text_column wpb_content_element \">\n<div class=\"wpb_wrapper\">\n<div class=\"wpb_text_column wpb_content_element \">\n<div class=\"wpb_wrapper\">\n<p style=\"text-align: center;\">T&#8217;has trencat i necessites un tractament urgentment? No dubtis a trucar-nos.<\/p>\n<\/div>\n<\/div>\n<\/div>\n<\/div>\n<p>[\/vc_column_text][vc_empty_space height=&#8221;50&#8243;][\/vc_column_inner][vc_column_inner width=&#8221;1\/5&#8243;]<span data-type=\"normal\" data-hover-icon-color=\"#b05307\" class=\"qode_icon_shortcode  q_font_awsome_icon fa-lg  \" style=\" \"><i class=\"qode_icon_font_awesome fa fa-home qode_icon_element\" style=\"font-size: 75px;color: #b05307;\" ><\/i><\/span>[vc_empty_space height=&#8221;25&#8243;][vc_column_text]<\/p>\n<h3 style=\"text-align: center;\">Servei<br \/>\na domicili<\/h3>\n<p>[\/vc_column_text][vc_empty_space height=&#8221;25&#8243;][vc_column_text]<\/p>\n<div class=\"wpb_text_column wpb_content_element \">\n<div class=\"wpb_wrapper\">\n<p style=\"text-align: center;\">No pots venir a la consulta o sou un grup que desitgeu servei a domicili? Estarem encantats de visitar-vos.<\/p>\n<\/div>\n<\/div>\n<p>[\/vc_column_text][\/vc_column_inner][\/vc_row_inner][\/vc_column][\/vc_row][vc_row css_animation=&#8221;&#8221; row_type=&#8221;row&#8221; use_row_as_full_screen_section=&#8221;no&#8221; type=&#8221;full_width&#8221; angled_section=&#8221;no&#8221; text_align=&#8221;left&#8221; background_image_as_pattern=&#8221;without_pattern&#8221;][vc_column][vc_single_image image=&#8221;501&#8243; img_size=&#8221;full&#8221; alignment=&#8221;center&#8221; qode_css_animation=&#8221;&#8221;][\/vc_column][\/vc_row]<\/p>\n<\/div>","protected":false},"excerpt":{"rendered":"<p>[vc_row css_animation=&#8221;&#8221; row_type=&#8221;row&#8221; use_row_as_full_screen_section=&#8221;no&#8221; type=&#8221;full_width&#8221; angled_section=&#8221;no&#8221; text_align=&#8221;left&#8221; background_image_as_pattern=&#8221;without_pattern&#8221;][vc_column][vc_single_image image=&#8221;1054&#8243; img_size=&#8221;full&#8221; alignment=&#8221;center&#8221; qode_css_animation=&#8221;&#8221;][\/vc_column][\/vc_row][vc_row css_animation=&#8221;&#8221; row_type=&#8221;row&#8221; use_row_as_full_screen_section=&#8221;no&#8221; type=&#8221;grid&#8221; angled_section=&#8221;no&#8221; text_align=&#8221;left&#8221; background_image_as_pattern=&#8221;without_pattern&#8221; z_index=&#8221;&#8221; padding_top=&#8221;30&#8243;][vc_column][vc_column_text] Inici \/ Cita pr\u00e8via [\/vc_column_text][\/vc_column][\/vc_row][vc_row css_animation=&#8221;&#8221; row_type=&#8221;row&#8221; use_row_as_full_screen_section=&#8221;no&#8221; type=&#8221;grid&#8221; angled_section=&#8221;no&#8221; text_align=&#8221;left&#8221; background_image_as_pattern=&#8221;without_pattern&#8221; z_index=&#8221;&#8221; padding_top=&#8221;75&#8243; padding_bottom=&#8221;75&#8243;][vc_column][vc_column_text] Cita pr\u00e8via per tractaments i ter\u00e0pies [\/vc_column_text][vc_empty_space height=&#8221;25&#8243;][vc_column_text] RESERVA&hellip; <a class=\"continue\" href=\"https:\/\/www.fisiomountain.com\/ca\/demanar-cita-previa-tractaments-i-terapies\/\">CONTINUAR >><span> CITA PR\u00c8VIA<\/span><\/a><\/p>\n","protected":false},"author":1,"featured_media":0,"parent":0,"menu_order":0,"comment_status":"closed","ping_status":"closed","template":"full_width.php","meta":{"footnotes":""},"class_list":["post-982","page","type-page","status-publish","hentry"],"_links":{"self":[{"href":"https:\/\/www.fisiomountain.com\/ca\/wp-json\/wp\/v2\/pages\/982","targetHints":{"allow":["GET"]}}],"collection":[{"href":"https:\/\/www.fisiomountain.com\/ca\/wp-json\/wp\/v2\/pages"}],"about":[{"href":"https:\/\/www.fisiomountain.com\/ca\/wp-json\/wp\/v2\/types\/page"}],"author":[{"embeddable":true,"href":"https:\/\/www.fisiomountain.com\/ca\/wp-json\/wp\/v2\/users\/1"}],"replies":[{"embeddable":true,"href":"https:\/\/www.fisiomountain.com\/ca\/wp-json\/wp\/v2\/comments?post=982"}],"version-history":[{"count":4,"href":"https:\/\/www.fisiomountain.com\/ca\/wp-json\/wp\/v2\/pages\/982\/revisions"}],"predecessor-version":[{"id":1173,"href":"https:\/\/www.fisiomountain.com\/ca\/wp-json\/wp\/v2\/pages\/982\/revisions\/1173"}],"wp:attachment":[{"href":"https:\/\/www.fisiomountain.com\/ca\/wp-json\/wp\/v2\/media?parent=982"}],"curies":[{"name":"wp","href":"https:\/\/api.w.org\/{rel}","templated":true}]}}