{"id":1021,"date":"2023-11-07T19:45:34","date_gmt":"2023-11-07T17:45:34","guid":{"rendered":"https:\/\/www.fisiomountain.com\/?page_id=1021"},"modified":"2023-11-24T12:32:29","modified_gmt":"2023-11-24T10:32:29","slug":"politica-de-privacitat","status":"publish","type":"page","link":"https:\/\/www.fisiomountain.com\/ca\/inici\/politica-de-privacitat\/","title":{"rendered":"POL\u00cdTICA DE PRIVACITAT"},"content":{"rendered":"<div class=\"wpb-content-wrapper\"><p>[vc_row css_animation=&#8221;&#8221; row_type=&#8221;row&#8221; use_row_as_full_screen_section=&#8221;no&#8221; type=&#8221;full_width&#8221; angled_section=&#8221;no&#8221; text_align=&#8221;left&#8221; background_image_as_pattern=&#8221;without_pattern&#8221;][vc_column][vc_single_image image=&#8221;461&#8243; img_size=&#8221;full&#8221; alignment=&#8221;center&#8221; qode_css_animation=&#8221;&#8221;][\/vc_column][\/vc_row][vc_row css_animation=&#8221;&#8221; row_type=&#8221;row&#8221; use_row_as_full_screen_section=&#8221;no&#8221; type=&#8221;grid&#8221; angled_section=&#8221;no&#8221; text_align=&#8221;left&#8221; background_image_as_pattern=&#8221;without_pattern&#8221; z_index=&#8221;&#8221; padding_top=&#8221;30&#8243;][vc_column][vc_column_text]<\/p>\n<p style=\"text-align: right;\"><a href=\"\/CA\">Inici<\/a> \/ Pol\u00edtica de privadesa<\/p>\n<p>[\/vc_column_text][\/vc_column][\/vc_row][vc_row css_animation=&#8221;&#8221; row_type=&#8221;row&#8221; use_row_as_full_screen_section=&#8221;no&#8221; type=&#8221;grid&#8221; angled_section=&#8221;no&#8221; text_align=&#8221;left&#8221; background_image_as_pattern=&#8221;without_pattern&#8221; z_index=&#8221;&#8221; padding_top=&#8221;50&#8243; padding_bottom=&#8221;75&#8243; anchor=&#8221;inicio&#8221;][vc_column][vc_column_text]<\/p>\n<h1>Pol\u00edtica de privadesa<\/h1>\n<p>[\/vc_column_text][vc_empty_space height=&#8221;75&#8243;][vc_column_text][vc_empty_space height=&#8221;50px&#8221;]<\/p>\n<h2>1. INFORMACI\u00d3 A L&#8217;USUARI<\/h2>\n<p>[vc_separator type=&#8221;small&#8221; position=&#8221;left&#8221; up=&#8221;15&#8243; down=&#8221;40&#8243; color=&#8221;#000000&#8243; transparency=&#8221;1&#8243; thickness=&#8221;2&#8243; width=&#8221;100&#8243;]<\/p>\n<p><strong>CUBOTA-GUASCH S.L.<\/strong>, d&#8217;ara endavant RESPONSABLE, \u00e9s el Responsable del tractament de les dades personals de l&#8217;Usuari i us informa que aquestes dades seran tractades de conformitat amb el que disposa el Reglament (UE) 2016\/679 de 27 d&#8217;abril (GDPR) i la Llei Org\u00e0nica 3\/2018 de 5 de desembre (LOPDGDD), per la qual cosa se li facilita la informaci\u00f3 seg\u00fcent del tractament:<\/p>\n<p>&nbsp;<\/p>\n<p><strong>Fi del tractament<\/strong>: mantenir una relaci\u00f3 comercial amb l&#8217;usuari. Les operacions previstes per realitzar el tractament s\u00f3n:<\/p>\n<p>&nbsp;<\/p>\n<ul>\n<li style=\"list-style-type: none;\">\n<ul>\n<li style=\"list-style-type: none;\">\n<ul>\n<li>Remissi\u00f3 de comunicacions comercials publicit\u00e0ries per email, fax, SMS, MMS, comunitats socials o qualsevol altre mitj\u00e0 electr\u00f2nic o f\u00edsic, present o futur, que possibiliti fer comunicacions comercials. Aquestes comunicacions seran realitzades pel RESPONSABLE i relacionades sobre els seus productes i serveis, o dels seus col\u00b7laboradors o prove\u00efdors amb qu\u00e8 aquest hagi assolit algun acord de promoci\u00f3. En aquest cas, els tercers mai no tindran acc\u00e9s a les dades personals.<\/li>\n<li>Realitzar estudis estad\u00edstics.<\/li>\n<li>Tramitar enc\u00e0rrecs, sol\u00b7licituds o qualsevol tipus de petici\u00f3 que sigui realitzada per l&#8217;usuari a trav\u00e9s de qualsevol de les formes de contacte que es posen a la vostra disposici\u00f3.<\/li>\n<li>Remetre el butllet\u00ed de not\u00edcies de la p\u00e0gina web.<\/li>\n<\/ul>\n<\/li>\n<\/ul>\n<\/li>\n<\/ul>\n<p>&nbsp;<\/p>\n<p><strong>Base jur\u00eddica del tractament<\/strong>: consentiment de l&#8217;interessat.<\/p>\n<p>&nbsp;<\/p>\n<p><strong>Criteris de conservaci\u00f3 de les dades<\/strong>: es conservaran durant no m\u00e9s temps del necessari per mantenir la fi del tractament i quan ja no sigui necessari amb aquesta finalitat, se suprimiran amb mesures de seguretat adequades per garantir la pseudonimitzaci\u00f3 de les dades o la destrucci\u00f3 total de les mateixes.<\/p>\n<p>&nbsp;<\/p>\n<p><strong>Comunicaci\u00f3 de les dades<\/strong>: No es comunicaran les dades a tercers, excepte obligaci\u00f3 legal.<\/p>\n<p>&nbsp;<\/p>\n<p><strong>Drets que assisteixen a l&#8217;usuari:<\/strong><\/p>\n<ul>\n<li>Dret a retirar el consentiment en qualsevol moment.<\/li>\n<li>Dret d&#8217;acc\u00e9s, rectificaci\u00f3, portabilitat i supressi\u00f3 de les vostres dades ia la limitaci\u00f3 o oposici\u00f3 al tractament.<\/li>\n<li>Dret a presentar una reclamaci\u00f3 davant de l&#8217;autoritat de control (www.aepd.es) si considera que el tractament no s&#8217;ajusta a la normativa vigent.<\/li>\n<\/ul>\n<p>&nbsp;<\/p>\n<p><strong>Dades de contacte per exercir els seus drets:<\/strong><\/p>\n<p>CUBOTA-GUASCH S.L. PARCEL\u00b7LA ESPONAGROSA, S\/N\u00ba \u2013 22471 LASPAULES (Osca). Email: hola@fisiomountain.com<\/p>\n<p>[vc_empty_space height=&#8221;50px&#8221;]<\/p>\n<h2>2. CAR\u00c0CTER OBLIGATORI O FACULTATIU DE LA INFORMACI\u00d3 FACILITADA PER L&#8217;USUARI<\/h2>\n<p>[vc_separator type=&#8221;small&#8221; position=&#8221;left&#8221; up=&#8221;15&#8243; down=&#8221;40&#8243; color=&#8221;#000000&#8243; transparency=&#8221;1&#8243; thickness=&#8221;2&#8243; width=&#8221;100&#8243;]<\/p>\n<p>Els Usuaris, mitjan\u00e7ant la marcaci\u00f3 de les caselles corresponents i entrada de dades als camps, marcats amb un asterisc (*) al formulari de contacte o presentats en formularis de desc\u00e0rrega, accepten expressament i de forma lliure i inequ\u00edvoca, que les seves dades s\u00f3n necessaris per atendre la seva petici\u00f3, per part del prestador, i \u00e9s volunt\u00e0ria la inclusi\u00f3 de dades en els camps restants. L&#8217;Usuari garanteix que les dades personals facilitades al RESPONSABLE s\u00f3n veraces i es fa responsable de comunicar-ne qualsevol modificaci\u00f3.<\/p>\n<p>&nbsp;<\/p>\n<p>El RESPONSABLE informa i garanteix expressament als usuaris que les seves dades personals no seran cedides en cap cas a tercers, i que sempre que realitz\u00e9s algun tipus de cessi\u00f3 de dades personals, es demanar\u00e0 pr\u00e8viament el consentiment expr\u00e9s, informat i inequ\u00edvoc per part dels usuaris. Totes les dades sol\u00b7licitades a trav\u00e9s del lloc web s\u00f3n obligat\u00f2ries, ja que s\u00f3n necess\u00e0ries per a la prestaci\u00f3 d&#8217;un servei \u00f2ptim a l&#8217;usuari. En cas que no siguin facilitades totes les dades, no es garanteix que la informaci\u00f3 i els serveis facilitats siguin completament ajustats a les seves necessitats.<\/p>\n<p>&nbsp;<\/p>\n<p>[vc_empty_space height=&#8221;50px&#8221;]<\/p>\n<h2>3. MESURES DE SEGURETAT<\/h2>\n<p>[vc_separator type=&#8221;small&#8221; position=&#8221;left&#8221; up=&#8221;15&#8243; down=&#8221;40&#8243; color=&#8221;#000000&#8243; transparency=&#8221;1&#8243; thickness=&#8221;2&#8243; width=&#8221;100&#8243;]<\/p>\n<p>Que de conformitat amb el que disposen les normatives vigents en protecci\u00f3 de dades personals, el RESPONSABLE est\u00e0 complint amb totes les disposicions de les normatives GDPR per al tractament de les dades personals de la seva responsabilitat, i manifestament amb els principis descrits a l&#8217;article 5 del GDPR, pels quals s\u00f3n tractats de manera l\u00edcita, lleial i transparent en relaci\u00f3 amb l&#8217;interessat i adequats, pertinents i limitats a all\u00f2 necessari en relaci\u00f3 amb els fins per als quals s\u00f3n tractats.<\/p>\n<p>&nbsp;<\/p>\n<p>El RESPONSABLE garanteix que ha implementat pol\u00edtiques t\u00e8cniques i organitzatives apropiades per aplicar les mesures de seguretat que estableixen el GDPR per tal de protegir els drets i les llibertats dels Usuaris i els ha comunicat la informaci\u00f3 adequada perqu\u00e8 puguin exercir-los.<\/p>\n<ul>\n<li style=\"list-style-type: none;\">\n<ul>\n<li style=\"list-style-type: none;\"><\/li>\n<\/ul>\n<\/li>\n<\/ul>\n<p>[\/vc_column_text][\/vc_column][\/vc_row]<\/p>\n<\/div>","protected":false},"excerpt":{"rendered":"<p>[vc_row css_animation=&#8221;&#8221; row_type=&#8221;row&#8221; use_row_as_full_screen_section=&#8221;no&#8221; type=&#8221;full_width&#8221; angled_section=&#8221;no&#8221; text_align=&#8221;left&#8221; background_image_as_pattern=&#8221;without_pattern&#8221;][vc_column][vc_single_image image=&#8221;461&#8243; img_size=&#8221;full&#8221; alignment=&#8221;center&#8221; qode_css_animation=&#8221;&#8221;][\/vc_column][\/vc_row][vc_row css_animation=&#8221;&#8221; row_type=&#8221;row&#8221; use_row_as_full_screen_section=&#8221;no&#8221; type=&#8221;grid&#8221; angled_section=&#8221;no&#8221; text_align=&#8221;left&#8221; background_image_as_pattern=&#8221;without_pattern&#8221; z_index=&#8221;&#8221; padding_top=&#8221;30&#8243;][vc_column][vc_column_text] Inici \/ Pol\u00edtica de privadesa [\/vc_column_text][\/vc_column][\/vc_row][vc_row css_animation=&#8221;&#8221; row_type=&#8221;row&#8221; use_row_as_full_screen_section=&#8221;no&#8221; type=&#8221;grid&#8221; angled_section=&#8221;no&#8221; text_align=&#8221;left&#8221; background_image_as_pattern=&#8221;without_pattern&#8221; z_index=&#8221;&#8221; padding_top=&#8221;50&#8243; padding_bottom=&#8221;75&#8243; anchor=&#8221;inicio&#8221;][vc_column][vc_column_text] Pol\u00edtica de privadesa [\/vc_column_text][vc_empty_space height=&#8221;75&#8243;][vc_column_text][vc_empty_space height=&#8221;50px&#8221;] 1.&hellip; <a class=\"continue\" href=\"https:\/\/www.fisiomountain.com\/ca\/inici\/politica-de-privacitat\/\">CONTINUAR >><span> POL\u00cdTICA DE PRIVACITAT<\/span><\/a><\/p>\n","protected":false},"author":1,"featured_media":0,"parent":900,"menu_order":0,"comment_status":"closed","ping_status":"closed","template":"full_width.php","meta":{"footnotes":""},"class_list":["post-1021","page","type-page","status-publish","hentry"],"_links":{"self":[{"href":"https:\/\/www.fisiomountain.com\/ca\/wp-json\/wp\/v2\/pages\/1021","targetHints":{"allow":["GET"]}}],"collection":[{"href":"https:\/\/www.fisiomountain.com\/ca\/wp-json\/wp\/v2\/pages"}],"about":[{"href":"https:\/\/www.fisiomountain.com\/ca\/wp-json\/wp\/v2\/types\/page"}],"author":[{"embeddable":true,"href":"https:\/\/www.fisiomountain.com\/ca\/wp-json\/wp\/v2\/users\/1"}],"replies":[{"embeddable":true,"href":"https:\/\/www.fisiomountain.com\/ca\/wp-json\/wp\/v2\/comments?post=1021"}],"version-history":[{"count":1,"href":"https:\/\/www.fisiomountain.com\/ca\/wp-json\/wp\/v2\/pages\/1021\/revisions"}],"predecessor-version":[{"id":1022,"href":"https:\/\/www.fisiomountain.com\/ca\/wp-json\/wp\/v2\/pages\/1021\/revisions\/1022"}],"up":[{"embeddable":true,"href":"https:\/\/www.fisiomountain.com\/ca\/wp-json\/wp\/v2\/pages\/900"}],"wp:attachment":[{"href":"https:\/\/www.fisiomountain.com\/ca\/wp-json\/wp\/v2\/media?parent=1021"}],"curies":[{"name":"wp","href":"https:\/\/api.w.org\/{rel}","templated":true}]}}