{"id":1007,"date":"2023-11-07T19:04:50","date_gmt":"2023-11-07T17:04:50","guid":{"rendered":"https:\/\/www.fisiomountain.com\/?page_id=1007"},"modified":"2023-11-24T14:02:59","modified_gmt":"2023-11-24T12:02:59","slug":"politica-de-cookies","status":"publish","type":"page","link":"https:\/\/www.fisiomountain.com\/ca\/inici\/politica-de-cookies\/","title":{"rendered":"POL\u00cdTICA DE COOKIES"},"content":{"rendered":"<div class=\"wpb-content-wrapper\"><p>[vc_row css_animation=&#8221;&#8221; row_type=&#8221;row&#8221; use_row_as_full_screen_section=&#8221;no&#8221; type=&#8221;full_width&#8221; angled_section=&#8221;no&#8221; text_align=&#8221;left&#8221; background_image_as_pattern=&#8221;without_pattern&#8221;][vc_column][vc_single_image image=&#8221;461&#8243; img_size=&#8221;full&#8221; alignment=&#8221;center&#8221; qode_css_animation=&#8221;&#8221;][\/vc_column][\/vc_row][vc_row css_animation=&#8221;&#8221; row_type=&#8221;row&#8221; use_row_as_full_screen_section=&#8221;no&#8221; type=&#8221;grid&#8221; angled_section=&#8221;no&#8221; text_align=&#8221;left&#8221; background_image_as_pattern=&#8221;without_pattern&#8221; z_index=&#8221;&#8221; padding_top=&#8221;30&#8243;][vc_column][vc_column_text]<\/p>\n<p style=\"text-align: right;\"><a href=\"\/ca\">Inici<\/a> \/ Pol\u00edtica de cookies<\/p>\n<p>[\/vc_column_text][\/vc_column][\/vc_row][vc_row css_animation=&#8221;&#8221; row_type=&#8221;row&#8221; use_row_as_full_screen_section=&#8221;no&#8221; type=&#8221;grid&#8221; angled_section=&#8221;no&#8221; text_align=&#8221;left&#8221; background_image_as_pattern=&#8221;without_pattern&#8221; z_index=&#8221;&#8221; padding_top=&#8221;50&#8243; padding_bottom=&#8221;75&#8243; anchor=&#8221;inicio&#8221;][vc_column][vc_column_text]<\/p>\n<h1>Pol\u00edtica de cookies<\/h1>\n<p>[\/vc_column_text][vc_empty_space height=&#8221;75&#8243;][vc_column_text][vc_empty_space height=&#8221;50px&#8221;]<\/p>\n<h2>INFORMACI\u00d3 SOBRE COOKIES<\/h2>\n<p>[vc_separator type=&#8221;small&#8221; position=&#8221;left&#8221; up=&#8221;15&#8243; down=&#8221;40&#8243; color=&#8221;#000000&#8243; transparency=&#8221;1&#8243; thickness=&#8221;2&#8243; width=&#8221;100&#8243;]<\/p>\n<p>A causa de l&#8217;entrada en vigor de la modificaci\u00f3 referent de la \u00abLlei de Serveis de la Societat de la Informaci\u00f3\u00bb (LSSICE) establerta pel Reial Decret 13\/2012, \u00e9s d&#8217;obligaci\u00f3 obtenir el consentiment expr\u00e9s de l&#8217;usuari de totes les p\u00e0gines web que usen cookies prescindibles, abans que aquest navegui per elles.<\/p>\n<p>&nbsp;<\/p>\n<p>[vc_empty_space height=&#8221;50px&#8221;]<\/p>\n<h2>QU\u00c8 S\u00d3N LES COOKIES?<\/h2>\n<p>[vc_separator type=&#8221;small&#8221; position=&#8221;left&#8221; up=&#8221;15&#8243; down=&#8221;40&#8243; color=&#8221;#000000&#8243; transparency=&#8221;1&#8243; thickness=&#8221;2&#8243; width=&#8221;100&#8243;]<\/p>\n<p>Les cookies i altres tecnologies similars com ara local shared objects, flash cookies o p\u00edxels, s\u00f3n eines emprades pels servidors web per emmagatzemar i recuperar informaci\u00f3 sobre els seus visitants, aix\u00ed com per oferir un funcionament correcte del lloc.<\/p>\n<p>&nbsp;<\/p>\n<p>Mitjan\u00e7ant l\u00fas daquests dispositius es permet al servidor web recordar algunes dades concernents a lusuari, com les seves prefer\u00e8ncies per a la visualitzaci\u00f3 de les p\u00e0gines daquest servidor, nom i contrasenya, productes que m\u00e9s li interessen, etc.<\/p>\n<p>&nbsp;<\/p>\n<p>[vc_empty_space height=&#8221;50px&#8221;]<\/p>\n<h2>COOKIES AFECTADES PER LA NORMATIVA I COOKIES EXCEPTUADES<\/h2>\n<p>[vc_separator type=&#8221;small&#8221; position=&#8221;left&#8221; up=&#8221;15&#8243; down=&#8221;40&#8243; color=&#8221;#000000&#8243; transparency=&#8221;1&#8243; thickness=&#8221;2&#8243; width=&#8221;100&#8243;]<\/p>\n<p>Segons la directiva de la UE, les galetes que requereixen el consentiment informat per part de l&#8217;usuari s\u00f3n les galetes d&#8217;anal\u00edtica i les de publicitat i afiliaci\u00f3, quedant exceptuades les de car\u00e0cter t\u00e8cnic i les necess\u00e0ries per al funcionament del lloc web o la prestaci\u00f3 de serveis expressament sol\u00b7licitats per l&#8217;usuari.<\/p>\n<p>&nbsp;<\/p>\n<p>[vc_empty_space height=&#8221;50px&#8221;]<\/p>\n<h2>TIPUS DE COOKIES<\/h2>\n<p>[vc_separator type=&#8221;small&#8221; position=&#8221;left&#8221; up=&#8221;15&#8243; down=&#8221;40&#8243; color=&#8221;#000000&#8243; transparency=&#8221;1&#8243; thickness=&#8221;2&#8243; width=&#8221;100&#8243;]<\/p>\n<p>[vc_empty_space height=&#8221;50px&#8221;]<\/p>\n<h3>SEGONS LA FINALITAT<\/h3>\n<p>[vc_separator type=&#8221;small&#8221; position=&#8221;left&#8221; up=&#8221;15&#8243; down=&#8221;40&#8243; color=&#8221;#000000&#8243; transparency=&#8221;1&#8243; thickness=&#8221;2&#8243; width=&#8221;100&#8243;]<\/p>\n<ul>\n<li style=\"list-style-type: none;\">\n<ul>\n<li style=\"list-style-type: none;\">\n<ul>\n<li>Cookies\u00a0<strong>t\u00e8cniques i funcionals<\/strong>: s\u00f3n aquelles que permeten a l&#8217;usuari la navegaci\u00f3 a trav\u00e9s d&#8217;una p\u00e0gina web, plataforma o aplicaci\u00f3 i la utilitzaci\u00f3 de les diferents opcions o serveis que hi hagi.<\/li>\n<li>Cookies\u00a0<strong>anal\u00edtiques<\/strong>: s\u00f3n aquelles que permeten al responsable de les mateixes el seguiment i an\u00e0lisi del comportament dels usuaris dels llocs web als quals estan vinculades. La informaci\u00f3 recollida mitjan\u00e7ant aquest tipus de cookies s&#8217;utilitza en el mesurament de l&#8217;activitat dels llocs web, aplicaci\u00f3 o plataforma i per a l&#8217;elaboraci\u00f3 de perfils de navegaci\u00f3 dels usuaris d&#8217;aquests llocs, aplicacions i plataformes, per introduir millores a funci\u00f3 de l&#8217;an\u00e0lisi de les dades d&#8217;\u00fas que fan els usuaris del servei.<\/li>\n<li>Cookies\u00a0<strong>publicit\u00e0ries<\/strong><strong>:\u00a0<\/strong>s\u00f3n aquelles que permeten la gesti\u00f3, de la manera m\u00e9s efica\u00e7 possible, dels espais publicitaris que, si escau, l&#8217;editor hagi incl\u00f2s en una p\u00e0gina web, aplicaci\u00f3 o plataforma des de la qual presta el servei sol\u00b7licitat en base a criteris com el contingut editat o la freq\u00fc\u00e8ncia en qu\u00e8 es mostren els anuncis.<\/li>\n<li>Cookies\u00a0<strong>de publicitat comportamental<\/strong>: recullen informaci\u00f3 sobre les prefer\u00e8ncies i eleccions personals de l&#8217;usuari (retargeting) per permetre la gesti\u00f3, de la manera m\u00e9s efica\u00e7 possible, dels espais publicitaris que, si escau, l&#8217;editor hagi incl\u00f2s en una p\u00e0gina web, aplicaci\u00f3 o plataforma des de la qual presta el servei sol\u00b7licitat.<\/li>\n<li>Cookies\u00a0<strong>socials<\/strong>: s\u00f3n establertes per les plataformes de xarxes socials en els serveis per permetre compartir contingut amb els seus amics i xarxes. Les plataformes de mitjans socials tenen la capacitat de rastrejar la seva activitat en l\u00ednia fora dels serveis. Aix\u00f2 pot afectar el contingut i els missatges que veieu en altres serveis que visiteu. Cookies\u00a0<strong>d&#8217;afiliats<\/strong>: permeten fer un seguiment de les visites procedents d&#8217;altres webs, amb qu\u00e8 el lloc web estableix un contracte d&#8217;afiliaci\u00f3 (empreses d&#8217;afiliaci\u00f3).<\/li>\n<li>Cookies\u00a0<strong>de seguretat<\/strong>: emmagatzemen informaci\u00f3 xifrada per evitar que les dades guardades siguin vulnerables a atacs maliciosos de tercers.<\/li>\n<\/ul>\n<\/li>\n<\/ul>\n<\/li>\n<\/ul>\n<p>&nbsp;<\/p>\n<p>[vc_empty_space height=&#8221;50px&#8221;]<\/p>\n<h3>SEGONS LA PROPIETAT<\/h3>\n<p>[vc_separator type=&#8221;small&#8221; position=&#8221;left&#8221; up=&#8221;15&#8243; down=&#8221;40&#8243; color=&#8221;#000000&#8243; transparency=&#8221;1&#8243; thickness=&#8221;2&#8243; width=&#8221;100&#8243;]<\/p>\n<ul>\n<li style=\"list-style-type: none;\">\n<ul>\n<li style=\"list-style-type: none;\">\n<ul>\n<li>Cookies\u00a0<strong>pr\u00f2pies<\/strong>: s\u00f3n aquelles que s&#8217;envien a l&#8217;equip terminal de l&#8217;usuari des d&#8217;un equip o domini gestionat pel mateix editor i des del qual es presta el servei sol\u00b7licitat per l&#8217;usuari.<\/li>\n<li>Cookies\u00a0<strong>de tercers:\u00a0<\/strong>s\u00f3n aquelles que s&#8217;envien a l&#8217;equip terminal de l&#8217;usuari des d&#8217;un equip o domini que no \u00e9s gestionat per l&#8217;editor, sin\u00f3 per una altra entitat que tracta les dades obtingudes a trav\u00e9s de les cookies .<\/li>\n<\/ul>\n<\/li>\n<\/ul>\n<\/li>\n<\/ul>\n<p>&nbsp;<\/p>\n<p>[vc_empty_space height=&#8221;50px&#8221;]<\/p>\n<h3>SEGONS EL TERMINI DE CONSERVACI\u00d3<\/h3>\n<p>[vc_separator type=&#8221;small&#8221; position=&#8221;left&#8221; up=&#8221;15&#8243; down=&#8221;40&#8243; color=&#8221;#000000&#8243; transparency=&#8221;1&#8243; thickness=&#8221;2&#8243; width=&#8221;100&#8243;]<\/p>\n<ul>\n<li style=\"list-style-type: none;\">\n<ul>\n<li style=\"list-style-type: none;\">\n<ul>\n<li>Cookies\u00a0<strong>de sessi\u00f3:\u00a0<\/strong>s\u00f3n un tipus de cookies dissenyades per a demanar i emmagatzemar dades mentre l&#8217;usuari accedeix a una p\u00e0gina web.<\/li>\n<li>Cookies\u00a0<strong>persistents:\u00a0<\/strong>s\u00f3n un tipus de cookies en qu\u00e8 les dades segueixen emmagatzemades al terminal i poden ser accedides i tractades durant un per\u00edode definit pel responsable de la galeta, i que pot anar de uns minuts a uns quants anys.<\/li>\n<\/ul>\n<\/li>\n<\/ul>\n<\/li>\n<\/ul>\n<p>&nbsp;<\/p>\n<p>[vc_empty_space height=&#8221;50px&#8221;]<\/p>\n<h2>TRACTAMENT DE DADES PERSONALS<\/h2>\n<p>[vc_separator type=&#8221;small&#8221; position=&#8221;left&#8221; up=&#8221;15&#8243; down=&#8221;40&#8243; color=&#8221;#000000&#8243; transparency=&#8221;1&#8243; thickness=&#8221;2&#8243; width=&#8221;100&#8243;]<\/p>\n<p>CUBOTA-GUASCH S.L. \u00e9s el\u00a0<strong>Responsable del tractament\u00a0<\/strong>de les dades personals del\u00a0<strong>Interessat\u00a0<\/strong>i us informa que aquestes dades seran tractades de conformitat amb el que disposa el Reglament (UE) 2016\/679, de 27 d&#8217;abril de 2016 (GDPR), per la qual cosa se us facilita la informaci\u00f3 seg\u00fcent del tractament:<\/p>\n<p>&nbsp;<\/p>\n<ul>\n<li style=\"list-style-type: none;\">\n<ul>\n<li style=\"list-style-type: none;\">\n<ul>\n<li><strong>Finalitzaci\u00f3 del tractament:\u00a0<\/strong>segons s&#8217;especifica a l&#8217;apartat de cookies que s&#8217;utilitzen en aquest lloc web.<\/li>\n<li><strong>Legitimaci\u00f3 del tractament<\/strong>: per consentiment de l&#8217;interessat (art. 6.1 GDPR).<\/li>\n<li><strong>Criteris de conservaci\u00f3 de les dades<\/strong>: segons s&#8217;especifica a l&#8217;apartat de cookies utilitzades al web.<\/li>\n<li><strong>Comunicaci\u00f3 de les dades<\/strong>: no es comunicaran les dades a tercers, excepte en cookies propietat de tercers o per obligaci\u00f3 legal.<\/li>\n<\/ul>\n<\/li>\n<\/ul>\n<\/li>\n<\/ul>\n<p>&nbsp;<\/p>\n<p><strong>Drets que assisteixen a l&#8217;interessat:<\/strong><\/p>\n<p>&nbsp;<\/p>\n<ul>\n<li style=\"list-style-type: none;\">\n<ul>\n<li style=\"list-style-type: none;\">\n<ul>\n<li>Dret a retirar el consentiment en qualsevol moment.<\/li>\n<li>Dret d&#8217;acc\u00e9s, rectificaci\u00f3, portabilitat i supressi\u00f3 de les vostres dades, i de limitaci\u00f3 o oposici\u00f3 al vostre tractament.<\/li>\n<li>Dret a presentar una reclamaci\u00f3 davant de l&#8217;Autoritat de control (www.aepd.es) si considera que el tractament no s&#8217;ajusta a la normativa vigent.<\/li>\n<\/ul>\n<\/li>\n<\/ul>\n<\/li>\n<\/ul>\n<p>&nbsp;<\/p>\n<p><strong>Dades de contacte per exercir els vostres drets:<\/strong><\/p>\n<p>&nbsp;<\/p>\n<ul>\n<li style=\"list-style-type: none;\">\n<ul>\n<li style=\"list-style-type: none;\">\n<ul>\n<li>CUBOTA-GUASCH S.L.. PARCEL\u00b7LA ESPONAGROSA, S\/N\u00ba \u2013 22471 LASPAULES (Osca). Correu electr\u00f2nic:<\/li>\n<li><a href=\"mailto:info.caballodeviento@gmail.com\">info.caballodeviento@gmail.com<\/a><\/li>\n<\/ul>\n<\/li>\n<\/ul>\n<\/li>\n<\/ul>\n<p>&nbsp;<\/p>\n<p>[vc_empty_space height=&#8221;50px&#8221;]<\/p>\n<h2>COOKIES UTILITZADES EN AQUEST LLOC WEB<\/h2>\n<p>[vc_separator type=&#8221;small&#8221; position=&#8221;left&#8221; up=&#8221;15&#8243; down=&#8221;40&#8243; color=&#8221;#000000&#8243; transparency=&#8221;1&#8243; thickness=&#8221;2&#8243; width=&#8221;100&#8243;]<\/p>\n\n<table id=\"tablepress-2\" class=\"tablepress tablepress-id-2\">\n<thead>\n<tr class=\"row-1\">\n\t<th class=\"column-1\">NOM<\/th><th class=\"column-2\">TIPUS<\/th><th class=\"column-3\">ORIGEN<\/th><th class=\"column-4\">DURACI\u00d3<\/th><th class=\"column-5\">FUNCI\u00d3<\/th>\n<\/tr>\n<\/thead>\n<tbody class=\"row-striping row-hover\">\n<tr class=\"row-2\">\n\t<td class=\"column-1\">wc_cart_hash_*<\/td><td class=\"column-2\">Funcional<\/td><td class=\"column-3\">WooCommerce<\/td><td class=\"column-4\">Sessi\u00f3<\/td><td class=\"column-5\">Almacena art\u00edculos en el carrito de la compra<\/td>\n<\/tr>\n<tr class=\"row-3\">\n\t<td class=\"column-1\">woocommerce_items_in_cart<\/td><td class=\"column-2\">Funcional<\/td><td class=\"column-3\">WooCommerce<\/td><td class=\"column-4\">Sessi\u00f3<\/td><td class=\"column-5\">Almacena art\u00edculos en el carrito de la compra<\/td>\n<\/tr>\n<tr class=\"row-4\">\n\t<td class=\"column-1\">woocommerce_cart_hash<\/td><td class=\"column-2\">Funcional<\/td><td class=\"column-3\">WooCommerce<\/td><td class=\"column-4\">1 dia<\/td><td class=\"column-5\">Almacena art\u00edculos en el carrito de la compra<\/td>\n<\/tr>\n<tr class=\"row-5\">\n\t<td class=\"column-1\">wp_woocommerce_session_*<\/td><td class=\"column-2\">Funcional<\/td><td class=\"column-3\">WooCommerce<\/td><td class=\"column-4\">Sessi\u00f3<\/td><td class=\"column-5\">Almacena las acciones realizadas por los usuarios en el sitio web<\/td>\n<\/tr>\n<tr class=\"row-6\">\n\t<td class=\"column-1\">wpEmojiSettingsSupports<\/td><td class=\"column-2\">Funcional<\/td><td class=\"column-3\">WordPress<\/td><td class=\"column-4\">Sessi\u00f3<\/td><td class=\"column-5\">Almacena los detalles del navegador<\/td>\n<\/tr>\n<tr class=\"row-7\">\n\t<td class=\"column-1\">__utmz<\/td><td class=\"column-2\">Estad\u00edstiques<\/td><td class=\"column-3\">Google Analytics<\/td><td class=\"column-4\">6 mesos<\/td><td class=\"column-5\">Almacena las palabras clave y el motor de b\u00fasqueda utilizados<\/td>\n<\/tr>\n<tr class=\"row-8\">\n\t<td class=\"column-1\">_gid<\/td><td class=\"column-2\">Estad\u00edstiques<\/td><td class=\"column-3\">Google Analytics<\/td><td class=\"column-4\">1 dia<\/td><td class=\"column-5\">Cuenta y realiza un seguimiento de las p\u00e1ginas vistas<\/td>\n<\/tr>\n<tr class=\"row-9\">\n\t<td class=\"column-1\">__utma<\/td><td class=\"column-2\">Estad\u00edstiques<\/td><td class=\"column-3\">Google Analytics<\/td><td class=\"column-4\">Persistent<\/td><td class=\"column-5\">Calcula los d\u00edas y hora de compra<\/td>\n<\/tr>\n<tr class=\"row-10\">\n\t<td class=\"column-1\">_ga<\/td><td class=\"column-2\">Estad\u00edstiques<\/td><td class=\"column-3\">Google Analytics<\/td><td class=\"column-4\">2 anys<\/td><td class=\"column-5\">Cuenta y realiza un seguimiento de las p\u00e1ginas vistas<\/td>\n<\/tr>\n<tr class=\"row-11\">\n\t<td class=\"column-1\">_ga_*<\/td><td class=\"column-2\">Estad\u00edstiques<\/td><td class=\"column-3\">Google Analytics<\/td><td class=\"column-4\">1 any<\/td><td class=\"column-5\">Cuenta y realiza un seguimiento de las p\u00e1ginas vistas<\/td>\n<\/tr>\n<tr class=\"row-12\">\n\t<td class=\"column-1\">wp-wpml_current_language<\/td><td class=\"column-2\">Funcional<\/td><td class=\"column-3\">WPML<\/td><td class=\"column-4\">1 dia<\/td><td class=\"column-5\">Almacena la configuraci\u00f3n del idiomas<\/td>\n<\/tr>\n<tr class=\"row-13\">\n\t<td class=\"column-1\">tk_qs<\/td><td class=\"column-2\">Estad\u00edstiques<\/td><td class=\"column-3\">Automattic<\/td><td class=\"column-4\">30 minuts<\/td><td class=\"column-5\">Proporcionar funciones entre p\u00e1ginas<\/td>\n<\/tr>\n<tr class=\"row-14\">\n\t<td class=\"column-1\">rc::c<\/td><td class=\"column-2\">M\u00e0rqueting<\/td><td class=\"column-3\">Google reCAPTCHA<\/td><td class=\"column-4\">Sessi\u00f3<\/td><td class=\"column-5\">Filtrar las solicitudes de los robots<\/td>\n<\/tr>\n<tr class=\"row-15\">\n\t<td class=\"column-1\">rc::b<\/td><td class=\"column-2\">M\u00e0rqueting<\/td><td class=\"column-3\">Google reCAPTCHA<\/td><td class=\"column-4\">Sessi\u00f3<\/td><td class=\"column-5\">Filtrar las solicitudes de los robots<\/td>\n<\/tr>\n<tr class=\"row-16\">\n\t<td class=\"column-1\">rc::a<\/td><td class=\"column-2\">M\u00e0rqueting<\/td><td class=\"column-3\">Google reCAPTCHA<\/td><td class=\"column-4\">Sessi\u00f3<\/td><td class=\"column-5\">Filtrar las solicitudes de los robots<\/td>\n<\/tr>\n<tr class=\"row-17\">\n\t<td class=\"column-1\">Google Maps API<\/td><td class=\"column-2\">M\u00e0rqueting<\/td><td class=\"column-3\">Google Maps<\/td><td class=\"column-4\">No<\/td><td class=\"column-5\">Preguntar la direcci\u00f3 IP de l'usuari<\/td>\n<\/tr>\n<\/tbody>\n<\/table>\n<!-- #tablepress-2 from cache -->\n<ul>\n<li style=\"list-style-type: none;\">\n<ul>\n<li style=\"list-style-type: none;\"><\/li>\n<\/ul>\n<\/li>\n<\/ul>\n<p>[\/vc_column_text][\/vc_column][\/vc_row]<\/p>\n<\/div>","protected":false},"excerpt":{"rendered":"<p>[vc_row css_animation=&#8221;&#8221; row_type=&#8221;row&#8221; use_row_as_full_screen_section=&#8221;no&#8221; type=&#8221;full_width&#8221; angled_section=&#8221;no&#8221; text_align=&#8221;left&#8221; background_image_as_pattern=&#8221;without_pattern&#8221;][vc_column][vc_single_image image=&#8221;461&#8243; img_size=&#8221;full&#8221; alignment=&#8221;center&#8221; qode_css_animation=&#8221;&#8221;][\/vc_column][\/vc_row][vc_row css_animation=&#8221;&#8221; row_type=&#8221;row&#8221; use_row_as_full_screen_section=&#8221;no&#8221; type=&#8221;grid&#8221; angled_section=&#8221;no&#8221; text_align=&#8221;left&#8221; background_image_as_pattern=&#8221;without_pattern&#8221; z_index=&#8221;&#8221; padding_top=&#8221;30&#8243;][vc_column][vc_column_text] Inici \/ Pol\u00edtica de cookies [\/vc_column_text][\/vc_column][\/vc_row][vc_row css_animation=&#8221;&#8221; row_type=&#8221;row&#8221; use_row_as_full_screen_section=&#8221;no&#8221; type=&#8221;grid&#8221; angled_section=&#8221;no&#8221; text_align=&#8221;left&#8221; background_image_as_pattern=&#8221;without_pattern&#8221; z_index=&#8221;&#8221; padding_top=&#8221;50&#8243; padding_bottom=&#8221;75&#8243; anchor=&#8221;inicio&#8221;][vc_column][vc_column_text] Pol\u00edtica de cookies [\/vc_column_text][vc_empty_space height=&#8221;75&#8243;][vc_column_text][vc_empty_space height=&#8221;50px&#8221;] INFORMACI\u00d3&hellip; <a class=\"continue\" href=\"https:\/\/www.fisiomountain.com\/ca\/inici\/politica-de-cookies\/\">CONTINUAR >><span> POL\u00cdTICA DE COOKIES<\/span><\/a><\/p>\n","protected":false},"author":1,"featured_media":0,"parent":900,"menu_order":0,"comment_status":"closed","ping_status":"closed","template":"full_width.php","meta":{"footnotes":""},"class_list":["post-1007","page","type-page","status-publish","hentry"],"_links":{"self":[{"href":"https:\/\/www.fisiomountain.com\/ca\/wp-json\/wp\/v2\/pages\/1007","targetHints":{"allow":["GET"]}}],"collection":[{"href":"https:\/\/www.fisiomountain.com\/ca\/wp-json\/wp\/v2\/pages"}],"about":[{"href":"https:\/\/www.fisiomountain.com\/ca\/wp-json\/wp\/v2\/types\/page"}],"author":[{"embeddable":true,"href":"https:\/\/www.fisiomountain.com\/ca\/wp-json\/wp\/v2\/users\/1"}],"replies":[{"embeddable":true,"href":"https:\/\/www.fisiomountain.com\/ca\/wp-json\/wp\/v2\/comments?post=1007"}],"version-history":[{"count":2,"href":"https:\/\/www.fisiomountain.com\/ca\/wp-json\/wp\/v2\/pages\/1007\/revisions"}],"predecessor-version":[{"id":1009,"href":"https:\/\/www.fisiomountain.com\/ca\/wp-json\/wp\/v2\/pages\/1007\/revisions\/1009"}],"up":[{"embeddable":true,"href":"https:\/\/www.fisiomountain.com\/ca\/wp-json\/wp\/v2\/pages\/900"}],"wp:attachment":[{"href":"https:\/\/www.fisiomountain.com\/ca\/wp-json\/wp\/v2\/media?parent=1007"}],"curies":[{"name":"wp","href":"https:\/\/api.w.org\/{rel}","templated":true}]}}